{"id":666,"date":"2020-02-13T18:13:48","date_gmt":"2020-02-13T17:13:48","guid":{"rendered":"https:\/\/cfi.carol-voyages.com\/?page_id=666"},"modified":"2020-09-10T13:25:26","modified_gmt":"2020-09-10T11:25:26","slug":"mentions-legales","status":"publish","type":"page","link":"https:\/\/cfi.carol-voyages.com\/index.php\/fr\/mentions-legales\/","title":{"rendered":"Mentions l\u00e9gales"},"content":{"rendered":"<p>[et_pb_section fb_built=\u00a0\u00bb1&Prime; _builder_version=\u00a0\u00bb4.3.1&Prime;][et_pb_row _builder_version=\u00a0\u00bb4.3.1&Prime;][et_pb_column type=\u00a0\u00bb4_4&Prime; _builder_version=\u00a0\u00bb4.3.1&Prime;][et_pb_text _builder_version=\u00a0\u00bb4.3.1&Prime; header_2_font_size=\u00a0\u00bb36px\u00a0\u00bb header_2_line_height=\u00a0\u00bb2em\u00a0\u00bb header_4_line_height=\u00a0\u00bb2em\u00a0\u00bb]<\/p>\n<h2 style=\"text-align: center;\">Mentions l\u00e9gales<\/h2>\n<h4>\u00c9diteur :<\/h4>\n<p>Carol\u2019 Voyages, SARL au capital de 208\u00a0000 \u20ac, immatricul\u00e9e au registre du commerce et des soci\u00e9t\u00e9s de Bobigny sous le num\u00e9ro 351\u00a0852\u00a0215, d\u00e9di\u00e9e aux activit\u00e9s des agences de voyages, code APE\u00a0: 7911Z, dont le si\u00e8ge social est situ\u00e9 au\u00a08, rue Scandicci \u00e0 Pantin (93500).<\/p>\n<p>T\u00e9l\u00e9phone\u00a0: 01 49 15 96 37<\/p>\n<p>Licence Atout France\u00a0n\u00b0 IM093100004.<\/p>\n<p>Repr\u00e9sent\u00e9 par M. Guy Opagiste, Directeur G\u00e9n\u00e9ral.<\/p>\n<p>Membre de Selectour, premier r\u00e9seau\u00a0d\u2019agences de voyages ind\u00e9pendantes en France.<\/p>\n<p>&nbsp;<\/p>\n<h4>H\u00e9bergement du site :<\/h4>\n<p>OVH<br \/> SAS au capital de 10 069 020 \u20ac<br \/> RCS Lille M\u00e9tropole 424 761 419 00045<br \/> Code APE 2620Z<br \/> N\u00b0 TVA : FR 22 424 761 419<br \/> Si\u00e8ge social : 2 rue Kellermann \u2013 59100 Roubaix \u2013 France<\/p>\n<p>[\/et_pb_text][\/et_pb_column][\/et_pb_row][\/et_pb_section]<\/p>\n","protected":false},"excerpt":{"rendered":"<p>Mentions l\u00e9gales \u00c9diteur : Carol\u2019 Voyages, SARL au capital de 208\u00a0000 \u20ac, immatricul\u00e9e au registre du commerce et des soci\u00e9t\u00e9s de Bobigny sous le num\u00e9ro 351\u00a0852\u00a0215, d\u00e9di\u00e9e aux activit\u00e9s des agences de voyages, code APE\u00a0: 7911Z, dont le si\u00e8ge social est situ\u00e9 au\u00a08, rue Scandicci \u00e0 Pantin (93500). T\u00e9l\u00e9phone\u00a0: 01 49 15 96 37 Licence [&hellip;]<\/p>\n","protected":false},"author":1,"featured_media":0,"parent":0,"menu_order":0,"comment_status":"closed","ping_status":"closed","template":"","meta":{"_et_pb_use_builder":"on","_et_pb_old_content":"","_et_gb_content_width":"","footnotes":""},"class_list":["post-666","page","type-page","status-publish","hentry"],"yoast_head":"<!-- This site is optimized with the Yoast SEO plugin v26.6 - https:\/\/yoast.com\/wordpress\/plugins\/seo\/ -->\n<title>Mentions l\u00e9gales - Carol France Incoming<\/title>\n<meta name=\"robots\" content=\"index, follow, max-snippet:-1, max-image-preview:large, max-video-preview:-1\" \/>\n<link rel=\"canonical\" href=\"https:\/\/cfi.carol-voyages.com\/index.php\/fr\/mentions-legales\/\" \/>\n<meta property=\"og:locale\" content=\"fr_FR\" \/>\n<meta property=\"og:type\" content=\"article\" \/>\n<meta property=\"og:title\" content=\"Mentions l\u00e9gales - Carol France Incoming\" \/>\n<meta property=\"og:description\" content=\"Mentions l\u00e9gales \u00c9diteur : Carol\u2019 Voyages, SARL au capital de 208\u00a0000 \u20ac, immatricul\u00e9e au registre du commerce et des soci\u00e9t\u00e9s de Bobigny sous le num\u00e9ro 351\u00a0852\u00a0215, d\u00e9di\u00e9e aux activit\u00e9s des agences de voyages, code APE\u00a0: 7911Z, dont le si\u00e8ge social est situ\u00e9 au\u00a08, rue Scandicci \u00e0 Pantin (93500). T\u00e9l\u00e9phone\u00a0: 01 49 15 96 37 Licence [&hellip;]\" \/>\n<meta property=\"og:url\" content=\"https:\/\/cfi.carol-voyages.com\/index.php\/fr\/mentions-legales\/\" \/>\n<meta property=\"og:site_name\" content=\"Carol France Incoming\" \/>\n<meta property=\"article:modified_time\" content=\"2020-09-10T11:25:26+00:00\" \/>\n<meta name=\"twitter:card\" content=\"summary_large_image\" \/>\n<meta name=\"twitter:label1\" content=\"Dur\u00e9e de lecture estim\u00e9e\" \/>\n\t<meta name=\"twitter:data1\" content=\"1 minute\" \/>\n<script type=\"application\/ld+json\" class=\"yoast-schema-graph\">{\"@context\":\"https:\/\/schema.org\",\"@graph\":[{\"@type\":\"WebPage\",\"@id\":\"https:\/\/cfi.carol-voyages.com\/index.php\/fr\/mentions-legales\/\",\"url\":\"https:\/\/cfi.carol-voyages.com\/index.php\/fr\/mentions-legales\/\",\"name\":\"Mentions l\u00e9gales - Carol France Incoming\",\"isPartOf\":{\"@id\":\"https:\/\/cfi.carol-voyages.com\/#website\"},\"datePublished\":\"2020-02-13T17:13:48+00:00\",\"dateModified\":\"2020-09-10T11:25:26+00:00\",\"breadcrumb\":{\"@id\":\"https:\/\/cfi.carol-voyages.com\/index.php\/fr\/mentions-legales\/#breadcrumb\"},\"inLanguage\":\"fr-FR\",\"potentialAction\":[{\"@type\":\"ReadAction\",\"target\":[\"https:\/\/cfi.carol-voyages.com\/index.php\/fr\/mentions-legales\/\"]}]},{\"@type\":\"BreadcrumbList\",\"@id\":\"https:\/\/cfi.carol-voyages.com\/index.php\/fr\/mentions-legales\/#breadcrumb\",\"itemListElement\":[{\"@type\":\"ListItem\",\"position\":1,\"name\":\"Home\",\"item\":\"https:\/\/cfi.carol-voyages.com\/\"},{\"@type\":\"ListItem\",\"position\":2,\"name\":\"Mentions l\u00e9gales\"}]},{\"@type\":\"WebSite\",\"@id\":\"https:\/\/cfi.carol-voyages.com\/#website\",\"url\":\"https:\/\/cfi.carol-voyages.com\/\",\"name\":\"Carol France Incoming\",\"description\":\"Your DMC in France\",\"publisher\":{\"@id\":\"https:\/\/cfi.carol-voyages.com\/#organization\"},\"potentialAction\":[{\"@type\":\"SearchAction\",\"target\":{\"@type\":\"EntryPoint\",\"urlTemplate\":\"https:\/\/cfi.carol-voyages.com\/?s={search_term_string}\"},\"query-input\":{\"@type\":\"PropertyValueSpecification\",\"valueRequired\":true,\"valueName\":\"search_term_string\"}}],\"inLanguage\":\"fr-FR\"},{\"@type\":\"Organization\",\"@id\":\"https:\/\/cfi.carol-voyages.com\/#organization\",\"name\":\"Carol France Incoming\",\"url\":\"https:\/\/cfi.carol-voyages.com\/\",\"logo\":{\"@type\":\"ImageObject\",\"inLanguage\":\"fr-FR\",\"@id\":\"https:\/\/cfi.carol-voyages.com\/#\/schema\/logo\/image\/\",\"url\":\"https:\/\/cfi.carol-voyages.com\/wp-content\/uploads\/2020\/02\/logo-carol-france-incoming.jpg\",\"contentUrl\":\"https:\/\/cfi.carol-voyages.com\/wp-content\/uploads\/2020\/02\/logo-carol-france-incoming.jpg\",\"width\":321,\"height\":151,\"caption\":\"Carol France Incoming\"},\"image\":{\"@id\":\"https:\/\/cfi.carol-voyages.com\/#\/schema\/logo\/image\/\"}}]}<\/script>\n<!-- \/ Yoast SEO plugin. -->","yoast_head_json":{"title":"Mentions l\u00e9gales - Carol France Incoming","robots":{"index":"index","follow":"follow","max-snippet":"max-snippet:-1","max-image-preview":"max-image-preview:large","max-video-preview":"max-video-preview:-1"},"canonical":"https:\/\/cfi.carol-voyages.com\/index.php\/fr\/mentions-legales\/","og_locale":"fr_FR","og_type":"article","og_title":"Mentions l\u00e9gales - Carol France Incoming","og_description":"Mentions l\u00e9gales \u00c9diteur : Carol\u2019 Voyages, SARL au capital de 208\u00a0000 \u20ac, immatricul\u00e9e au registre du commerce et des soci\u00e9t\u00e9s de Bobigny sous le num\u00e9ro 351\u00a0852\u00a0215, d\u00e9di\u00e9e aux activit\u00e9s des agences de voyages, code APE\u00a0: 7911Z, dont le si\u00e8ge social est situ\u00e9 au\u00a08, rue Scandicci \u00e0 Pantin (93500). T\u00e9l\u00e9phone\u00a0: 01 49 15 96 37 Licence [&hellip;]","og_url":"https:\/\/cfi.carol-voyages.com\/index.php\/fr\/mentions-legales\/","og_site_name":"Carol France Incoming","article_modified_time":"2020-09-10T11:25:26+00:00","twitter_card":"summary_large_image","twitter_misc":{"Dur\u00e9e de lecture estim\u00e9e":"1 minute"},"schema":{"@context":"https:\/\/schema.org","@graph":[{"@type":"WebPage","@id":"https:\/\/cfi.carol-voyages.com\/index.php\/fr\/mentions-legales\/","url":"https:\/\/cfi.carol-voyages.com\/index.php\/fr\/mentions-legales\/","name":"Mentions l\u00e9gales - Carol France Incoming","isPartOf":{"@id":"https:\/\/cfi.carol-voyages.com\/#website"},"datePublished":"2020-02-13T17:13:48+00:00","dateModified":"2020-09-10T11:25:26+00:00","breadcrumb":{"@id":"https:\/\/cfi.carol-voyages.com\/index.php\/fr\/mentions-legales\/#breadcrumb"},"inLanguage":"fr-FR","potentialAction":[{"@type":"ReadAction","target":["https:\/\/cfi.carol-voyages.com\/index.php\/fr\/mentions-legales\/"]}]},{"@type":"BreadcrumbList","@id":"https:\/\/cfi.carol-voyages.com\/index.php\/fr\/mentions-legales\/#breadcrumb","itemListElement":[{"@type":"ListItem","position":1,"name":"Home","item":"https:\/\/cfi.carol-voyages.com\/"},{"@type":"ListItem","position":2,"name":"Mentions l\u00e9gales"}]},{"@type":"WebSite","@id":"https:\/\/cfi.carol-voyages.com\/#website","url":"https:\/\/cfi.carol-voyages.com\/","name":"Carol France Incoming","description":"Your DMC in France","publisher":{"@id":"https:\/\/cfi.carol-voyages.com\/#organization"},"potentialAction":[{"@type":"SearchAction","target":{"@type":"EntryPoint","urlTemplate":"https:\/\/cfi.carol-voyages.com\/?s={search_term_string}"},"query-input":{"@type":"PropertyValueSpecification","valueRequired":true,"valueName":"search_term_string"}}],"inLanguage":"fr-FR"},{"@type":"Organization","@id":"https:\/\/cfi.carol-voyages.com\/#organization","name":"Carol France Incoming","url":"https:\/\/cfi.carol-voyages.com\/","logo":{"@type":"ImageObject","inLanguage":"fr-FR","@id":"https:\/\/cfi.carol-voyages.com\/#\/schema\/logo\/image\/","url":"https:\/\/cfi.carol-voyages.com\/wp-content\/uploads\/2020\/02\/logo-carol-france-incoming.jpg","contentUrl":"https:\/\/cfi.carol-voyages.com\/wp-content\/uploads\/2020\/02\/logo-carol-france-incoming.jpg","width":321,"height":151,"caption":"Carol France Incoming"},"image":{"@id":"https:\/\/cfi.carol-voyages.com\/#\/schema\/logo\/image\/"}}]}},"_links":{"self":[{"href":"https:\/\/cfi.carol-voyages.com\/index.php\/wp-json\/wp\/v2\/pages\/666","targetHints":{"allow":["GET"]}}],"collection":[{"href":"https:\/\/cfi.carol-voyages.com\/index.php\/wp-json\/wp\/v2\/pages"}],"about":[{"href":"https:\/\/cfi.carol-voyages.com\/index.php\/wp-json\/wp\/v2\/types\/page"}],"author":[{"embeddable":true,"href":"https:\/\/cfi.carol-voyages.com\/index.php\/wp-json\/wp\/v2\/users\/1"}],"replies":[{"embeddable":true,"href":"https:\/\/cfi.carol-voyages.com\/index.php\/wp-json\/wp\/v2\/comments?post=666"}],"version-history":[{"count":4,"href":"https:\/\/cfi.carol-voyages.com\/index.php\/wp-json\/wp\/v2\/pages\/666\/revisions"}],"predecessor-version":[{"id":2377,"href":"https:\/\/cfi.carol-voyages.com\/index.php\/wp-json\/wp\/v2\/pages\/666\/revisions\/2377"}],"wp:attachment":[{"href":"https:\/\/cfi.carol-voyages.com\/index.php\/wp-json\/wp\/v2\/media?parent=666"}],"curies":[{"name":"wp","href":"https:\/\/api.w.org\/{rel}","templated":true}]}}