{"id":661,"date":"2020-02-13T18:06:10","date_gmt":"2020-02-13T17:06:10","guid":{"rendered":"https:\/\/cfi.carol-voyages.com\/?page_id=661"},"modified":"2020-09-10T13:01:10","modified_gmt":"2020-09-10T11:01:10","slug":"conditions-generales-dutilisation","status":"publish","type":"page","link":"https:\/\/cfi.carol-voyages.com\/index.php\/fr\/conditions-generales-dutilisation\/","title":{"rendered":"Conditions g\u00e9n\u00e9rales d&rsquo;utilisation"},"content":{"rendered":"<p>[et_pb_section fb_built=\u00a0\u00bb1&Prime; _builder_version=\u00a0\u00bb4.3.1&Prime;][et_pb_row _builder_version=\u00a0\u00bb4.3.1&Prime;][et_pb_column type=\u00a0\u00bb4_4&Prime; _builder_version=\u00a0\u00bb4.3.1&Prime;][et_pb_text _builder_version=\u00a0\u00bb4.3.1&Prime; header_2_font_size=\u00a0\u00bb36px\u00a0\u00bb]<\/p>\n<h2 style=\"text-align: center;\">Conditions g\u00e9n\u00e9rales d\u2019utilisation<\/h2>\n<p>[\/et_pb_text][et_pb_divider color=\u00a0\u00bb#000000&Prime; _builder_version=\u00a0\u00bb4.3.1&Prime; max_width=\u00a0\u00bb25%\u00a0\u00bb module_alignment=\u00a0\u00bbcenter\u00a0\u00bb][\/et_pb_divider][et_pb_text _builder_version=\u00a0\u00bb4.3.1&Prime;]<\/p>\n<p style=\"text-align: center;\"><em>L\u2019utilisation du site internet cfi.carol-voyages.com est r\u00e9gie par les conditions g\u00e9n\u00e9rales expos\u00e9es ci-dessous.<\/em><\/p>\n<h4>1. D\u00e9finition<\/h4>\n<p><strong>Site\u00a0<\/strong>: d\u00e9signe le site internet de Carol France Incoming, le service Incoming (r\u00e9ceptif) de Carol\u2019 Voyages, accessible depuis l\u2019adresse\u00a0<a href=\"https:\/\/www.carol-voyages.com\/\">https:\/\/cfi.carol-voyages.com<\/a>, \u00e9dit\u00e9 par Carol\u2019 Voyages.\u00a0<\/p>\n<p><strong>Utilisateur\u00a0<\/strong>: d\u00e9signe tout internaute qui navigue et\/ou utilise les services propos\u00e9s par Carol\u2019 Voyages depuis le Site.<\/p>\n<p><strong>Services\u00a0<\/strong>: d\u00e9signent tous les services propos\u00e9s par Carol\u2019 Voyages \u00e0 savoir les prestations de voyages ainsi que les prestations de services associ\u00e9s.<\/p>\n<h4>2. Utilisation du Site<\/h4>\n<p>Si vous n\u2019\u00eates pas d\u2019accord avec les pr\u00e9sentes conditions, veuillez cesser d\u2019utiliser notre Site.<\/p>\n<p>Le Site est disponible sur la base d\u2019un service en l\u2019\u00e9tat et n\u2019est accessible qu\u2019en fonction de sa disponibilit\u00e9 par tout Utilisateur disposant d\u2019un acc\u00e8s \u00e0 internet. Tous les frais support\u00e9s par l\u2019Utilisateur pour acc\u00e9der aux Services demeurent \u00e0 sa charge. De m\u00eame, Carol\u2019 Voyages ne saurait \u00eatre tenue pour responsable si le Site se r\u00e9v\u00e8le inaccessible lors d\u2019\u00e9ventuelles op\u00e9rations de maintenance ou pour toute autre raison technique, tels les d\u00e9fauts de configuration, probl\u00e8me de connexion internet imputable \u00e0 tout \u00e9quipement et\/ou op\u00e9rateur auxquels a recours l\u2019Utilisateur (d\u00e9bit r\u00e9duit ou connexion interrompue notamment), virus informatique ou anomalie, ind\u00e9pendants de la volont\u00e9 de Carol\u2019 Voyages.<\/p>\n<p>Carol\u2019 Voyages se r\u00e9serve la possibilit\u00e9 de modifier \u00e0 tout moment l\u2019aspect de la totalit\u00e9 du Site et de ses Services (contenus, liens et images, descriptifs et les caract\u00e9ristiques des prestations et des services propos\u00e9s, les informations, les donn\u00e9es ou autre).<\/p>\n<p>Depuis le Site, les Utilisateurs ont, entre autres, acc\u00e8s gratuitement aux informations et\/ou aux Services suivants :<\/p>\n<ul>\n<li>Une s\u00e9lection de voyage vari\u00e9e parmi toute l\u2019offre que propose Selectour, premier r\u00e9seau d\u2019\u2019agences de voyages ind\u00e9pendantes en France.<\/li>\n<li>Un service de prestation sur-mesure pour des voyages en Am\u00e9rique latine (suggestions d\u2019itin\u00e9raires et possibilit\u00e9 de demande de devis).<\/li>\n<li>Des informations d\u00e9taill\u00e9es sur les divers produits et services propos\u00e9s par Carol\u2019 Voyages (informations pratiques avant le d\u00e9part, spots essentiels et autres).<\/li>\n<li>Un acc\u00e8s sp\u00e9cifique pour faire une demande de devis en ligne depuis la rubrique \u201d Demande de devis \u201c, la possibilit\u00e9 d\u2019\u00eatre rappel\u00e9 par un des conseillers experts de Carol\u2019 Voyages via la rubrique \u00ab\u00a0\u00catre rappel\u00e9\u00a0\u00bb, prendre un rendez-vous dans une des 5 agences Carol\u2019 Voyages depuis la rubrique \u00ab\u00a0Prendre un rendez-vous\u00a0\u00bb.<\/li>\n<\/ul>\n<h4>3. Responsabilit\u00e9<\/h4>\n<p>Compte tenu de la nature des informations, Carol\u2019 Voyages ne peut pas \u00eatre tenue pour responsable des erreurs ou omissions relatives aux informations diffus\u00e9es sur le Site. En cas d\u2019erreur ou d\u2019omission, nous invitons tout Utilisateur \u00e0 contacter Carol\u2019 Voyages \u00e0 travers les diff\u00e9rents moyens que propose le Site.<\/p>\n<p>Les informations disponibles sur le Site concernant les membres et\/ou prestataires sont fournis par nos partenaires. Carol\u2019 Voyages s\u2019efforce de proposer les meilleurs prestataires mais n\u2019assume aucune responsabilit\u00e9 quant \u00e0 quelconque litige d\u00e9coulant des produits ou des services fournis par nos partenaires.<\/p>\n<p>Le Site peut contenir des liens vers d\u2019autres sites web d\u00e9tenus et administr\u00e9s par des tiers. Carol\u2019 Voyages ne peut garantir la lic\u00e9it\u00e9, l\u2019exactitude, l\u2019exhaustivit\u00e9 et la qualit\u00e9 des informations qui y sont contenues. Toutefois, Carol\u2019 Voyages s\u2019engage \u00e0 supprimer tout lien vers ces sites tiers d\u00e8s qu\u2019elle aura pris connaissance de leur caract\u00e8re manifestement illicite, inexact ou inad\u00e9quat.<\/p>\n<h4>4. Obligations g\u00e9n\u00e9rales de l\u2019Utilisateur du Site<\/h4>\n<p>L\u2019Utilisateur s\u2019engage \u00e0 utiliser le Site conform\u00e9ment aux dispositions des pr\u00e9sentes conditions g\u00e9n\u00e9rales d\u2019utilisation, \u00e0 l\u2019ordre public et aux bonnes m\u0153urs, dans le respect du droit de propri\u00e9t\u00e9 intellectuelle et du droit \u00e0 l\u2019image. A d\u00e9faut de respecter ces dispositions, Carol\u2019 Voyages pourra engager la responsabilit\u00e9 de l\u2019Utilisateur.<\/p>\n<p>Dans le cas d\u2019une cr\u00e9ation de compte sur le Site, vous devez conserver en toute s\u00e9curit\u00e9 tout identifiant et tout mot de passe vous permettant d\u2019acc\u00e9der au Site ou toute partie de ceux-ci comme \u00e9tant strictement confidentiels, et vous ne devez permettre \u00e0 aucune personne d\u2019acc\u00e9der \u00e0 cet identifiant et \u00e0 ce mot de passe et de les utiliser.<\/p>\n<p>Vous \u00eates responsable de toute activit\u00e9 en rapport avec les Services utilis\u00e9s ou auxquels vous avez acc\u00e9d\u00e9s via votre espace client. Vous devez imm\u00e9diatement notifier Carol\u2019 Voyages de toute utilisation non autoris\u00e9e de vos identifiants et mot de passe en adressant un courriel \u00e0 l\u2019adresse suivante :<span>\u00a0<\/span><a href=\"mailto:marketing@carol-voyages.com\"><span>marketing@carol-voyages.com<\/span><\/a><\/p>\n<p>En utilisant les diff\u00e9rents Services sur le Site, vous d\u00e9clarez et garantissez que toutes les informations que vous communiquez sont v\u00e9ridiques et pr\u00e9cises, que vous maintiendrez l\u2019exactitude de ces informations et que votre utilisation des Services ne viole aucune loi ou r\u00e9glementation applicable ni les pr\u00e9sentes conditions g\u00e9n\u00e9rales d\u2019utilisation.<\/p>\n<h4>5. Propri\u00e9t\u00e9 intellectuelle<\/h4>\n<p>Le Site et l\u2019int\u00e9gralit\u00e9 de son contenu (textes, graphiques, logos, photographies, ic\u00f4nes, images, marques, \u2026) sont la propri\u00e9t\u00e9 exclusive de Carol\u2019 Voyages et ne peuvent faire l\u2019objet d\u2019aucune utilisation de quelque nature que ce soit sans l\u2019accord pr\u00e9alable de leurs titulaires de droits.<\/p>\n<p>Toute extraction et\/ou r\u00e9utilisation qualitativement ou quantitativement substantielle de tout ou partie du Site est soumise \u00e0 l\u2019accord pr\u00e9alable de Carol\u2019 Voyages qui est propri\u00e9taire exclusif des droits de propri\u00e9t\u00e9 intellectuelle (droit des marques, droit d\u2019auteur, droits \u00e0 l\u2019image) relatifs au Site et \u00e0 son contenu, en vertu des dispositions du Code de la propri\u00e9t\u00e9 intellectuelle et de la l\u00e9gislation internationale, sauf s\u2019ils sont mentionn\u00e9s comme appartenant \u00e0 des tiers.<\/p>\n<p>Les d\u00e9nominations et les logos Selectour Carol\u2019 Voyages et Carol\u2019 Voyages affich\u00e9s sur le Site sont des marques d\u00e9pos\u00e9es, pour lesquels la soci\u00e9t\u00e9 Carol\u2019 Voyages dispose des autorisations requises.<\/p>\n<p>L\u2019internaute ne dispose d\u2019aucun droit ni d\u2019aucune licence d\u2019utilisation sur l\u2019ensemble des marques cit\u00e9es. Toute repr\u00e9sentation, reproduction ou utilisation de la forme ou des contenus du Site sont strictement interdit et soumises \u00e0 l\u2019autorisation pr\u00e9alable de Carol\u2019 Voyages, sous peine de poursuite en contrefa\u00e7on, et devra faire appara\u00eetre la mention claire et lisible de l\u2019adresse url du Site (https:\/\/www.carol-voyages.com).<\/p>\n<h4>6. Donn\u00e9es personnelles<\/h4>\n<p>Retrouvez notre politique de confidentialit\u00e9 concernant la r\u00e9colte des donn\u00e9es<span>\u00a0<\/span><span><a href=\"https:\/\/www.carol-voyages.com\/www\/politique-de-confidentialite\/\">en cliquant sur ce lien.<\/a><\/span><\/p>\n<h4>7. Droit d\u2019acc\u00e8s, de modification et de suppression<\/h4>\n<p>Conform\u00e9ment aux dispositions de la loi n\u00b078-17 du 6 janvier 1978 relative \u00e0 l\u2019Informatique, tout utilisateur du Site dispose d\u2019un droit d\u2019opposition, d\u2019acc\u00e8s, de rectification et de suppression des donn\u00e9es le concernant.<\/p>\n<p>La demande d\u2019opposition, d\u2019acc\u00e8s, de rectification ou de suppression devra \u00eatre adress\u00e9e \u00e0 l\u2019adresse e-mail suivante :\u00a0<span><a href=\"mailto:marketing@carol-voyages.com\">marketing@carol-voyages.com<\/a><\/span><\/p>\n<h4>8.\u00a0Droit applicable et juridiction comp\u00e9tente<\/h4>\n<p>Les pr\u00e9sentes conditions g\u00e9n\u00e9rales d\u2019utilisation sont soumises au droit fran\u00e7ais quelle que soit la juridiction de votre lieu de r\u00e9sidence. Tout litige relatif \u00e0 l\u2019interpr\u00e9tation et\/ou l\u2019utilisation du Site rel\u00e8ve de la comp\u00e9tence exclusive des juridictions fran\u00e7aises. Vous acceptez irr\u00e9vocablement que les tribunaux de France soient les seuls comp\u00e9tents \u00e0 r\u00e9soudre tout conflit qui pourrait d\u00e9couler, r\u00e9sulter ou se rapporter aux pr\u00e9sentes conditions g\u00e9n\u00e9rales et \u00e0 ces fins, vous soumettez irr\u00e9vocablement tout conflit \u00e0 la juridiction des tribunaux fran\u00e7ais. Les litiges se r\u00e8gleront exclusivement en France.<\/p>\n<p>[\/et_pb_text][\/et_pb_column][\/et_pb_row][\/et_pb_section]<\/p>\n","protected":false},"excerpt":{"rendered":"<p>Conditions g\u00e9n\u00e9rales d\u2019utilisationL\u2019utilisation du site internet cfi.carol-voyages.com est r\u00e9gie par les conditions g\u00e9n\u00e9rales expos\u00e9es ci-dessous. 1. D\u00e9finition Site\u00a0: d\u00e9signe le site internet de Carol France Incoming, le service Incoming (r\u00e9ceptif) de Carol\u2019 Voyages, accessible depuis l\u2019adresse\u00a0https:\/\/cfi.carol-voyages.com, \u00e9dit\u00e9 par Carol\u2019 Voyages.\u00a0 Utilisateur\u00a0: d\u00e9signe tout internaute qui navigue et\/ou utilise les services propos\u00e9s par Carol\u2019 Voyages depuis [&hellip;]<\/p>\n","protected":false},"author":1,"featured_media":0,"parent":0,"menu_order":0,"comment_status":"closed","ping_status":"closed","template":"","meta":{"_et_pb_use_builder":"on","_et_pb_old_content":"","_et_gb_content_width":"","footnotes":""},"class_list":["post-661","page","type-page","status-publish","hentry"],"yoast_head":"<!-- This site is optimized with the Yoast SEO plugin v26.6 - https:\/\/yoast.com\/wordpress\/plugins\/seo\/ -->\n<title>Conditions g\u00e9n\u00e9rales d&#039;utilisation - Carol France Incoming<\/title>\n<meta name=\"robots\" content=\"index, follow, max-snippet:-1, max-image-preview:large, max-video-preview:-1\" \/>\n<link rel=\"canonical\" href=\"https:\/\/cfi.carol-voyages.com\/index.php\/fr\/conditions-generales-dutilisation\/\" \/>\n<meta property=\"og:locale\" content=\"fr_FR\" \/>\n<meta property=\"og:type\" content=\"article\" \/>\n<meta property=\"og:title\" content=\"Conditions g\u00e9n\u00e9rales d&#039;utilisation - Carol France Incoming\" \/>\n<meta property=\"og:description\" content=\"Conditions g\u00e9n\u00e9rales d\u2019utilisationL\u2019utilisation du site internet cfi.carol-voyages.com est r\u00e9gie par les conditions g\u00e9n\u00e9rales expos\u00e9es ci-dessous. 1. D\u00e9finition Site\u00a0: d\u00e9signe le site internet de Carol France Incoming, le service Incoming (r\u00e9ceptif) de Carol\u2019 Voyages, accessible depuis l\u2019adresse\u00a0https:\/\/cfi.carol-voyages.com, \u00e9dit\u00e9 par Carol\u2019 Voyages.\u00a0 Utilisateur\u00a0: d\u00e9signe tout internaute qui navigue et\/ou utilise les services propos\u00e9s par Carol\u2019 Voyages depuis [&hellip;]\" \/>\n<meta property=\"og:url\" content=\"https:\/\/cfi.carol-voyages.com\/index.php\/fr\/conditions-generales-dutilisation\/\" \/>\n<meta property=\"og:site_name\" content=\"Carol France Incoming\" \/>\n<meta property=\"article:modified_time\" content=\"2020-09-10T11:01:10+00:00\" \/>\n<meta name=\"twitter:card\" content=\"summary_large_image\" \/>\n<meta name=\"twitter:label1\" content=\"Dur\u00e9e de lecture estim\u00e9e\" \/>\n\t<meta name=\"twitter:data1\" content=\"7 minutes\" \/>\n<script type=\"application\/ld+json\" class=\"yoast-schema-graph\">{\"@context\":\"https:\/\/schema.org\",\"@graph\":[{\"@type\":\"WebPage\",\"@id\":\"https:\/\/cfi.carol-voyages.com\/index.php\/fr\/conditions-generales-dutilisation\/\",\"url\":\"https:\/\/cfi.carol-voyages.com\/index.php\/fr\/conditions-generales-dutilisation\/\",\"name\":\"Conditions g\u00e9n\u00e9rales d'utilisation - Carol France Incoming\",\"isPartOf\":{\"@id\":\"https:\/\/cfi.carol-voyages.com\/#website\"},\"datePublished\":\"2020-02-13T17:06:10+00:00\",\"dateModified\":\"2020-09-10T11:01:10+00:00\",\"breadcrumb\":{\"@id\":\"https:\/\/cfi.carol-voyages.com\/index.php\/fr\/conditions-generales-dutilisation\/#breadcrumb\"},\"inLanguage\":\"fr-FR\",\"potentialAction\":[{\"@type\":\"ReadAction\",\"target\":[\"https:\/\/cfi.carol-voyages.com\/index.php\/fr\/conditions-generales-dutilisation\/\"]}]},{\"@type\":\"BreadcrumbList\",\"@id\":\"https:\/\/cfi.carol-voyages.com\/index.php\/fr\/conditions-generales-dutilisation\/#breadcrumb\",\"itemListElement\":[{\"@type\":\"ListItem\",\"position\":1,\"name\":\"Home\",\"item\":\"https:\/\/cfi.carol-voyages.com\/\"},{\"@type\":\"ListItem\",\"position\":2,\"name\":\"Conditions g\u00e9n\u00e9rales d&rsquo;utilisation\"}]},{\"@type\":\"WebSite\",\"@id\":\"https:\/\/cfi.carol-voyages.com\/#website\",\"url\":\"https:\/\/cfi.carol-voyages.com\/\",\"name\":\"Carol France Incoming\",\"description\":\"Your DMC in France\",\"publisher\":{\"@id\":\"https:\/\/cfi.carol-voyages.com\/#organization\"},\"potentialAction\":[{\"@type\":\"SearchAction\",\"target\":{\"@type\":\"EntryPoint\",\"urlTemplate\":\"https:\/\/cfi.carol-voyages.com\/?s={search_term_string}\"},\"query-input\":{\"@type\":\"PropertyValueSpecification\",\"valueRequired\":true,\"valueName\":\"search_term_string\"}}],\"inLanguage\":\"fr-FR\"},{\"@type\":\"Organization\",\"@id\":\"https:\/\/cfi.carol-voyages.com\/#organization\",\"name\":\"Carol France Incoming\",\"url\":\"https:\/\/cfi.carol-voyages.com\/\",\"logo\":{\"@type\":\"ImageObject\",\"inLanguage\":\"fr-FR\",\"@id\":\"https:\/\/cfi.carol-voyages.com\/#\/schema\/logo\/image\/\",\"url\":\"https:\/\/cfi.carol-voyages.com\/wp-content\/uploads\/2020\/02\/logo-carol-france-incoming.jpg\",\"contentUrl\":\"https:\/\/cfi.carol-voyages.com\/wp-content\/uploads\/2020\/02\/logo-carol-france-incoming.jpg\",\"width\":321,\"height\":151,\"caption\":\"Carol France Incoming\"},\"image\":{\"@id\":\"https:\/\/cfi.carol-voyages.com\/#\/schema\/logo\/image\/\"}}]}<\/script>\n<!-- \/ Yoast SEO plugin. -->","yoast_head_json":{"title":"Conditions g\u00e9n\u00e9rales d'utilisation - Carol France Incoming","robots":{"index":"index","follow":"follow","max-snippet":"max-snippet:-1","max-image-preview":"max-image-preview:large","max-video-preview":"max-video-preview:-1"},"canonical":"https:\/\/cfi.carol-voyages.com\/index.php\/fr\/conditions-generales-dutilisation\/","og_locale":"fr_FR","og_type":"article","og_title":"Conditions g\u00e9n\u00e9rales d'utilisation - Carol France Incoming","og_description":"Conditions g\u00e9n\u00e9rales d\u2019utilisationL\u2019utilisation du site internet cfi.carol-voyages.com est r\u00e9gie par les conditions g\u00e9n\u00e9rales expos\u00e9es ci-dessous. 1. D\u00e9finition Site\u00a0: d\u00e9signe le site internet de Carol France Incoming, le service Incoming (r\u00e9ceptif) de Carol\u2019 Voyages, accessible depuis l\u2019adresse\u00a0https:\/\/cfi.carol-voyages.com, \u00e9dit\u00e9 par Carol\u2019 Voyages.\u00a0 Utilisateur\u00a0: d\u00e9signe tout internaute qui navigue et\/ou utilise les services propos\u00e9s par Carol\u2019 Voyages depuis [&hellip;]","og_url":"https:\/\/cfi.carol-voyages.com\/index.php\/fr\/conditions-generales-dutilisation\/","og_site_name":"Carol France Incoming","article_modified_time":"2020-09-10T11:01:10+00:00","twitter_card":"summary_large_image","twitter_misc":{"Dur\u00e9e de lecture estim\u00e9e":"7 minutes"},"schema":{"@context":"https:\/\/schema.org","@graph":[{"@type":"WebPage","@id":"https:\/\/cfi.carol-voyages.com\/index.php\/fr\/conditions-generales-dutilisation\/","url":"https:\/\/cfi.carol-voyages.com\/index.php\/fr\/conditions-generales-dutilisation\/","name":"Conditions g\u00e9n\u00e9rales d'utilisation - Carol France Incoming","isPartOf":{"@id":"https:\/\/cfi.carol-voyages.com\/#website"},"datePublished":"2020-02-13T17:06:10+00:00","dateModified":"2020-09-10T11:01:10+00:00","breadcrumb":{"@id":"https:\/\/cfi.carol-voyages.com\/index.php\/fr\/conditions-generales-dutilisation\/#breadcrumb"},"inLanguage":"fr-FR","potentialAction":[{"@type":"ReadAction","target":["https:\/\/cfi.carol-voyages.com\/index.php\/fr\/conditions-generales-dutilisation\/"]}]},{"@type":"BreadcrumbList","@id":"https:\/\/cfi.carol-voyages.com\/index.php\/fr\/conditions-generales-dutilisation\/#breadcrumb","itemListElement":[{"@type":"ListItem","position":1,"name":"Home","item":"https:\/\/cfi.carol-voyages.com\/"},{"@type":"ListItem","position":2,"name":"Conditions g\u00e9n\u00e9rales d&rsquo;utilisation"}]},{"@type":"WebSite","@id":"https:\/\/cfi.carol-voyages.com\/#website","url":"https:\/\/cfi.carol-voyages.com\/","name":"Carol France Incoming","description":"Your DMC in France","publisher":{"@id":"https:\/\/cfi.carol-voyages.com\/#organization"},"potentialAction":[{"@type":"SearchAction","target":{"@type":"EntryPoint","urlTemplate":"https:\/\/cfi.carol-voyages.com\/?s={search_term_string}"},"query-input":{"@type":"PropertyValueSpecification","valueRequired":true,"valueName":"search_term_string"}}],"inLanguage":"fr-FR"},{"@type":"Organization","@id":"https:\/\/cfi.carol-voyages.com\/#organization","name":"Carol France Incoming","url":"https:\/\/cfi.carol-voyages.com\/","logo":{"@type":"ImageObject","inLanguage":"fr-FR","@id":"https:\/\/cfi.carol-voyages.com\/#\/schema\/logo\/image\/","url":"https:\/\/cfi.carol-voyages.com\/wp-content\/uploads\/2020\/02\/logo-carol-france-incoming.jpg","contentUrl":"https:\/\/cfi.carol-voyages.com\/wp-content\/uploads\/2020\/02\/logo-carol-france-incoming.jpg","width":321,"height":151,"caption":"Carol France Incoming"},"image":{"@id":"https:\/\/cfi.carol-voyages.com\/#\/schema\/logo\/image\/"}}]}},"_links":{"self":[{"href":"https:\/\/cfi.carol-voyages.com\/index.php\/wp-json\/wp\/v2\/pages\/661","targetHints":{"allow":["GET"]}}],"collection":[{"href":"https:\/\/cfi.carol-voyages.com\/index.php\/wp-json\/wp\/v2\/pages"}],"about":[{"href":"https:\/\/cfi.carol-voyages.com\/index.php\/wp-json\/wp\/v2\/types\/page"}],"author":[{"embeddable":true,"href":"https:\/\/cfi.carol-voyages.com\/index.php\/wp-json\/wp\/v2\/users\/1"}],"replies":[{"embeddable":true,"href":"https:\/\/cfi.carol-voyages.com\/index.php\/wp-json\/wp\/v2\/comments?post=661"}],"version-history":[{"count":4,"href":"https:\/\/cfi.carol-voyages.com\/index.php\/wp-json\/wp\/v2\/pages\/661\/revisions"}],"predecessor-version":[{"id":2321,"href":"https:\/\/cfi.carol-voyages.com\/index.php\/wp-json\/wp\/v2\/pages\/661\/revisions\/2321"}],"wp:attachment":[{"href":"https:\/\/cfi.carol-voyages.com\/index.php\/wp-json\/wp\/v2\/media?parent=661"}],"curies":[{"name":"wp","href":"https:\/\/api.w.org\/{rel}","templated":true}]}}