{"id":2360,"date":"2020-09-10T13:15:51","date_gmt":"2020-09-10T11:15:51","guid":{"rendered":"https:\/\/cfi.carol-voyages.com\/?page_id=2360"},"modified":"2020-09-10T13:15:51","modified_gmt":"2020-09-10T11:15:51","slug":"conditions-generales-pour-les-groupes","status":"publish","type":"page","link":"https:\/\/cfi.carol-voyages.com\/index.php\/fr\/conditions-generales-pour-les-groupes\/","title":{"rendered":"Conditions g\u00e9n\u00e9rales pour les Groupes"},"content":{"rendered":"<p>[et_pb_section fb_built=\u00a0\u00bb1&Prime; _builder_version=\u00a0\u00bb4.3.1&Prime; custom_padding=\u00a0\u00bb0px||||false|false\u00a0\u00bb][et_pb_row _builder_version=\u00a0\u00bb4.3.1&Prime; width=\u00a0\u00bb90%\u00a0\u00bb max_width=\u00a0\u00bb100%\u00a0\u00bb custom_padding=\u00a0\u00bb||0px|||\u00a0\u00bb][et_pb_column type=\u00a0\u00bb4_4&Prime; _builder_version=\u00a0\u00bb4.3.1&Prime;][et_pb_text _builder_version=\u00a0\u00bb4.3.1&Prime; text_font=\u00a0\u00bbMontserrat|300|||||||\u00a0\u00bb text_text_color=\u00a0\u00bb#000000&Prime; link_font=\u00a0\u00bbMontserrat||||||||\u00a0\u00bb link_text_color=\u00a0\u00bb#000000&Prime;]<span><span><a href=\"https:\/\/cfi.carol-voyages.com\/\">Home<\/a><\/span><\/span>[\/et_pb_text][\/et_pb_column][\/et_pb_row][et_pb_row _builder_version=\u00a0\u00bb4.3.1&Prime;][et_pb_column type=\u00a0\u00bb4_4&Prime; _builder_version=\u00a0\u00bb4.3.1&Prime;][et_pb_text _builder_version=\u00a0\u00bb4.3.1&Prime; header_2_text_align=\u00a0\u00bbcenter\u00a0\u00bb header_2_font_size=\u00a0\u00bb50px\u00a0\u00bb header_2_line_height=\u00a0\u00bb1.5em\u00a0\u00bb text_orientation=\u00a0\u00bbcenter\u00a0\u00bb hover_enabled=\u00a0\u00bb0&Prime; header_2_font_size_tablet=\u00a0\u00bb36px\u00a0\u00bb header_2_font_size_phone=\u00a0\u00bb24px\u00a0\u00bb header_2_font_size_last_edited=\u00a0\u00bbon|phone\u00a0\u00bb]<\/p>\n<h2>CONDITIONS G\u00c9N\u00c9RALES POUR LES GROUPES<\/h2>\n<p>Toutes les offres sont valables du 01\/01\/2020 au 31\/12\/2020<\/p>\n<p>[\/et_pb_text][\/et_pb_column][\/et_pb_row][et_pb_row _builder_version=\u00a0\u00bb4.3.1&Prime;][et_pb_column type=\u00a0\u00bb4_4&Prime; _builder_version=\u00a0\u00bb4.3.1&Prime;][et_pb_text _builder_version=\u00a0\u00bb4.3.1&Prime; header_5_font_size=\u00a0\u00bb18px\u00a0\u00bb header_5_line_height=\u00a0\u00bb1.5em\u00a0\u00bb hover_enabled=\u00a0\u00bb0&Prime;]<\/p>\n<h5>1. Accord<\/h5>\n<p>Un accord doit \u00eatre sign\u00e9 entre les deux parties sur les termes et conditions d\u00e9finitifs du groupe, y compris les politiques de paiement et d&rsquo;annulation afin de confirmer un groupe. La liste finale des chambres de tous les participants avec leur \u00e2ge doit \u00eatre envoy\u00e9e au maximum 30 jours avant l&rsquo;arriv\u00e9e.<\/p>\n<h5>2. Tarifs<\/h5>\n<p>Les tarifs sont indiqu\u00e9s en euros, nets pour vous, TVA comprise.<br \/>Les tarifs sont n\u00e9goci\u00e9s sp\u00e9cifiquement pour un groupe.<\/p>\n<h5>3. Annulations et d\u00e9part anticip\u00e9<\/h5>\n<p>La politique d&rsquo;annulation (partielle et totale) est propre \u00e0 chaque groupe et d\u00e9pend de chaque fournisseur. Une politique d&rsquo;annulation commune est \u00e9labor\u00e9e en fonction de tous les fournisseurs concern\u00e9s. Cette politique d&rsquo;annulation est indiqu\u00e9e avant la signature de l&rsquo;accord.<br \/>Dans le cas o\u00f9 les clients n&rsquo;utilisent pas tout ou partie des services confirm\u00e9s sur place, ces services non utilis\u00e9s ne pourront faire l&rsquo;objet d&rsquo;aucun remboursement.<\/p>\n<h5>4. R\u00e9servations<\/h5>\n<p>Toutes les r\u00e9servations, modifications ou annulations doivent \u00eatre envoy\u00e9es uniquement \u00e0 CFI par e-mail. CFI prendra en charge et g\u00e9rera, du d\u00e9but \u00e0 la fin du processus de r\u00e9servation, toutes les modifications possibles. Dans le cas o\u00f9 le partenaire traite directement avec le (s) fournisseur (s) sans en informer CFI, CFI n&rsquo;en sera pas responsable.<\/p>\n<h5>5. Num\u00e9ro<\/h5>\n<p>Les tarifs et conditions de groupe sont g\u00e9n\u00e9ralement valables \u00e0 partir de 20 (vingt) participants payants.<\/p>\n<h5>6. Surr\u00e9servation<\/h5>\n<p>Uniquement pour des questions exceptionnelles, le relogement n&rsquo;est possible que dans des normes identiques ou sup\u00e9rieures et dans la m\u00eame zone que l&rsquo;h\u00e9bergement initialement r\u00e9serv\u00e9.<\/p>\n<h5>7. Bons<\/h5>\n<p>Pour chaque type de prestation r\u00e9serv\u00e9e, un bon sera \u00e9mis par CFI et devra \u00eatre remis par les clients le jour de la prestation \u00e0 fournir au prestataire concern\u00e9. Dans l&rsquo;hypoth\u00e8se o\u00f9 les clients souhaiteraient apporter des modifications au moment de l&rsquo;\u00e9v\u00e9nement, CFI n&rsquo;est plus responsable de ces modifications et de leur r\u00e8glement, sauf demande expresse par \u00e9crit aupr\u00e8s de CFI.<\/p>\n<h5>8. Extras<\/h5>\n<p>Les extras doivent \u00eatre pay\u00e9s localement par les clients. Concernant les extras dans les h\u00f4tels ou lieux d&rsquo;h\u00e9bergement, CFI ne pourra en aucun cas \u00eatre tenu responsable des sommes impay\u00e9es aupr\u00e8s des prestataires retenus.<\/p>\n<h5>9. Confidentialit\u00e9<\/h5>\n<p>Tous les termes, conditions et tarifs pr\u00e9sents dans notre offre doivent \u00eatre trait\u00e9s de mani\u00e8re confidentielle entre les deux parties. Une fois l&rsquo;offre envoy\u00e9e, le partenaire ne peut pas travailler directement avec les fournisseurs pr\u00e9sents dans l&rsquo;offre.<\/p>\n<h5>10. Paiements<\/h5>\n<p>Une politique de paiement commune est \u00e9labor\u00e9e en fonction de tous les fournisseurs concern\u00e9s. Cette politique de paiement est indiqu\u00e9e avant la signature du contrat. Le pr\u00e9paiement complet de toutes les prestations r\u00e9serv\u00e9es doit \u00eatre envoy\u00e9 selon un horaire avant l&rsquo;arriv\u00e9e du groupe. La r\u00e9servation ne sera consid\u00e9r\u00e9e comme valable qu&rsquo;une fois le premier acompte re\u00e7u. Les frais bancaires sont \u00e0 la charge du partenaire. Une fois le premier acompte re\u00e7u, le solde \u00e0 payer doit \u00e9galement nous parvenir dans les d\u00e9lais impartis, faute de quoi CFI ne peut garantir la bonne ex\u00e9cution et l&rsquo;ensemble des prestations r\u00e9serv\u00e9es.<\/p>\n<p>[\/et_pb_text][\/et_pb_column][\/et_pb_row][\/et_pb_section]<\/p>\n","protected":false},"excerpt":{"rendered":"<p><span><span><a href=\"https:\/\/cfi.carol-voyages.com\/\">Home<\/a><\/span><\/span>CONDITIONS G\u00c9N\u00c9RALES POUR LES GROUPES Toutes les offres sont valables du 01\/01\/2020 au 31\/12\/2020 1. Accord Un accord doit \u00eatre sign\u00e9 entre les deux parties sur les termes et conditions d\u00e9finitifs du groupe, y compris les politiques de paiement et d&rsquo;annulation afin de confirmer un groupe. La liste finale des chambres de tous les participants [&hellip;]<\/p>\n","protected":false},"author":1,"featured_media":0,"parent":0,"menu_order":0,"comment_status":"closed","ping_status":"closed","template":"","meta":{"_et_pb_use_builder":"on","_et_pb_old_content":"","_et_gb_content_width":"","footnotes":""},"class_list":["post-2360","page","type-page","status-publish","hentry"],"yoast_head":"<!-- This site is optimized with the Yoast SEO plugin v26.6 - https:\/\/yoast.com\/wordpress\/plugins\/seo\/ -->\n<title>Conditions g\u00e9n\u00e9rales pour les Groupes - Carol France Incoming<\/title>\n<meta name=\"robots\" content=\"index, follow, max-snippet:-1, max-image-preview:large, max-video-preview:-1\" \/>\n<link rel=\"canonical\" href=\"https:\/\/cfi.carol-voyages.com\/index.php\/fr\/conditions-generales-pour-les-groupes\/\" \/>\n<meta property=\"og:locale\" content=\"fr_FR\" \/>\n<meta property=\"og:type\" content=\"article\" \/>\n<meta property=\"og:title\" content=\"Conditions g\u00e9n\u00e9rales pour les Groupes - Carol France Incoming\" \/>\n<meta property=\"og:description\" content=\"CONDITIONS G\u00c9N\u00c9RALES POUR LES GROUPES Toutes les offres sont valables du 01\/01\/2020 au 31\/12\/2020 1. Accord Un accord doit \u00eatre sign\u00e9 entre les deux parties sur les termes et conditions d\u00e9finitifs du groupe, y compris les politiques de paiement et d&#039;annulation afin de confirmer un groupe. La liste finale des chambres de tous les participants [&hellip;]\" \/>\n<meta property=\"og:url\" content=\"https:\/\/cfi.carol-voyages.com\/index.php\/fr\/conditions-generales-pour-les-groupes\/\" \/>\n<meta property=\"og:site_name\" content=\"Carol France Incoming\" \/>\n<meta name=\"twitter:card\" content=\"summary_large_image\" \/>\n<meta name=\"twitter:label1\" content=\"Dur\u00e9e de lecture estim\u00e9e\" \/>\n\t<meta name=\"twitter:data1\" content=\"3 minutes\" \/>\n<script type=\"application\/ld+json\" class=\"yoast-schema-graph\">{\"@context\":\"https:\/\/schema.org\",\"@graph\":[{\"@type\":\"WebPage\",\"@id\":\"https:\/\/cfi.carol-voyages.com\/index.php\/fr\/conditions-generales-pour-les-groupes\/\",\"url\":\"https:\/\/cfi.carol-voyages.com\/index.php\/fr\/conditions-generales-pour-les-groupes\/\",\"name\":\"Conditions g\u00e9n\u00e9rales pour les Groupes - Carol France Incoming\",\"isPartOf\":{\"@id\":\"https:\/\/cfi.carol-voyages.com\/#website\"},\"datePublished\":\"2020-09-10T11:15:51+00:00\",\"breadcrumb\":{\"@id\":\"https:\/\/cfi.carol-voyages.com\/index.php\/fr\/conditions-generales-pour-les-groupes\/#breadcrumb\"},\"inLanguage\":\"fr-FR\",\"potentialAction\":[{\"@type\":\"ReadAction\",\"target\":[\"https:\/\/cfi.carol-voyages.com\/index.php\/fr\/conditions-generales-pour-les-groupes\/\"]}]},{\"@type\":\"BreadcrumbList\",\"@id\":\"https:\/\/cfi.carol-voyages.com\/index.php\/fr\/conditions-generales-pour-les-groupes\/#breadcrumb\",\"itemListElement\":[{\"@type\":\"ListItem\",\"position\":1,\"name\":\"Home\",\"item\":\"https:\/\/cfi.carol-voyages.com\/\"},{\"@type\":\"ListItem\",\"position\":2,\"name\":\"Conditions g\u00e9n\u00e9rales pour les Groupes\"}]},{\"@type\":\"WebSite\",\"@id\":\"https:\/\/cfi.carol-voyages.com\/#website\",\"url\":\"https:\/\/cfi.carol-voyages.com\/\",\"name\":\"Carol France Incoming\",\"description\":\"Your DMC in France\",\"publisher\":{\"@id\":\"https:\/\/cfi.carol-voyages.com\/#organization\"},\"potentialAction\":[{\"@type\":\"SearchAction\",\"target\":{\"@type\":\"EntryPoint\",\"urlTemplate\":\"https:\/\/cfi.carol-voyages.com\/?s={search_term_string}\"},\"query-input\":{\"@type\":\"PropertyValueSpecification\",\"valueRequired\":true,\"valueName\":\"search_term_string\"}}],\"inLanguage\":\"fr-FR\"},{\"@type\":\"Organization\",\"@id\":\"https:\/\/cfi.carol-voyages.com\/#organization\",\"name\":\"Carol France Incoming\",\"url\":\"https:\/\/cfi.carol-voyages.com\/\",\"logo\":{\"@type\":\"ImageObject\",\"inLanguage\":\"fr-FR\",\"@id\":\"https:\/\/cfi.carol-voyages.com\/#\/schema\/logo\/image\/\",\"url\":\"https:\/\/cfi.carol-voyages.com\/wp-content\/uploads\/2020\/02\/logo-carol-france-incoming.jpg\",\"contentUrl\":\"https:\/\/cfi.carol-voyages.com\/wp-content\/uploads\/2020\/02\/logo-carol-france-incoming.jpg\",\"width\":321,\"height\":151,\"caption\":\"Carol France Incoming\"},\"image\":{\"@id\":\"https:\/\/cfi.carol-voyages.com\/#\/schema\/logo\/image\/\"}}]}<\/script>\n<!-- \/ Yoast SEO plugin. -->","yoast_head_json":{"title":"Conditions g\u00e9n\u00e9rales pour les Groupes - Carol France Incoming","robots":{"index":"index","follow":"follow","max-snippet":"max-snippet:-1","max-image-preview":"max-image-preview:large","max-video-preview":"max-video-preview:-1"},"canonical":"https:\/\/cfi.carol-voyages.com\/index.php\/fr\/conditions-generales-pour-les-groupes\/","og_locale":"fr_FR","og_type":"article","og_title":"Conditions g\u00e9n\u00e9rales pour les Groupes - Carol France Incoming","og_description":"CONDITIONS G\u00c9N\u00c9RALES POUR LES GROUPES Toutes les offres sont valables du 01\/01\/2020 au 31\/12\/2020 1. Accord Un accord doit \u00eatre sign\u00e9 entre les deux parties sur les termes et conditions d\u00e9finitifs du groupe, y compris les politiques de paiement et d'annulation afin de confirmer un groupe. La liste finale des chambres de tous les participants [&hellip;]","og_url":"https:\/\/cfi.carol-voyages.com\/index.php\/fr\/conditions-generales-pour-les-groupes\/","og_site_name":"Carol France Incoming","twitter_card":"summary_large_image","twitter_misc":{"Dur\u00e9e de lecture estim\u00e9e":"3 minutes"},"schema":{"@context":"https:\/\/schema.org","@graph":[{"@type":"WebPage","@id":"https:\/\/cfi.carol-voyages.com\/index.php\/fr\/conditions-generales-pour-les-groupes\/","url":"https:\/\/cfi.carol-voyages.com\/index.php\/fr\/conditions-generales-pour-les-groupes\/","name":"Conditions g\u00e9n\u00e9rales pour les Groupes - Carol France Incoming","isPartOf":{"@id":"https:\/\/cfi.carol-voyages.com\/#website"},"datePublished":"2020-09-10T11:15:51+00:00","breadcrumb":{"@id":"https:\/\/cfi.carol-voyages.com\/index.php\/fr\/conditions-generales-pour-les-groupes\/#breadcrumb"},"inLanguage":"fr-FR","potentialAction":[{"@type":"ReadAction","target":["https:\/\/cfi.carol-voyages.com\/index.php\/fr\/conditions-generales-pour-les-groupes\/"]}]},{"@type":"BreadcrumbList","@id":"https:\/\/cfi.carol-voyages.com\/index.php\/fr\/conditions-generales-pour-les-groupes\/#breadcrumb","itemListElement":[{"@type":"ListItem","position":1,"name":"Home","item":"https:\/\/cfi.carol-voyages.com\/"},{"@type":"ListItem","position":2,"name":"Conditions g\u00e9n\u00e9rales pour les Groupes"}]},{"@type":"WebSite","@id":"https:\/\/cfi.carol-voyages.com\/#website","url":"https:\/\/cfi.carol-voyages.com\/","name":"Carol France Incoming","description":"Your DMC in France","publisher":{"@id":"https:\/\/cfi.carol-voyages.com\/#organization"},"potentialAction":[{"@type":"SearchAction","target":{"@type":"EntryPoint","urlTemplate":"https:\/\/cfi.carol-voyages.com\/?s={search_term_string}"},"query-input":{"@type":"PropertyValueSpecification","valueRequired":true,"valueName":"search_term_string"}}],"inLanguage":"fr-FR"},{"@type":"Organization","@id":"https:\/\/cfi.carol-voyages.com\/#organization","name":"Carol France Incoming","url":"https:\/\/cfi.carol-voyages.com\/","logo":{"@type":"ImageObject","inLanguage":"fr-FR","@id":"https:\/\/cfi.carol-voyages.com\/#\/schema\/logo\/image\/","url":"https:\/\/cfi.carol-voyages.com\/wp-content\/uploads\/2020\/02\/logo-carol-france-incoming.jpg","contentUrl":"https:\/\/cfi.carol-voyages.com\/wp-content\/uploads\/2020\/02\/logo-carol-france-incoming.jpg","width":321,"height":151,"caption":"Carol France Incoming"},"image":{"@id":"https:\/\/cfi.carol-voyages.com\/#\/schema\/logo\/image\/"}}]}},"_links":{"self":[{"href":"https:\/\/cfi.carol-voyages.com\/index.php\/wp-json\/wp\/v2\/pages\/2360","targetHints":{"allow":["GET"]}}],"collection":[{"href":"https:\/\/cfi.carol-voyages.com\/index.php\/wp-json\/wp\/v2\/pages"}],"about":[{"href":"https:\/\/cfi.carol-voyages.com\/index.php\/wp-json\/wp\/v2\/types\/page"}],"author":[{"embeddable":true,"href":"https:\/\/cfi.carol-voyages.com\/index.php\/wp-json\/wp\/v2\/users\/1"}],"replies":[{"embeddable":true,"href":"https:\/\/cfi.carol-voyages.com\/index.php\/wp-json\/wp\/v2\/comments?post=2360"}],"version-history":[{"count":3,"href":"https:\/\/cfi.carol-voyages.com\/index.php\/wp-json\/wp\/v2\/pages\/2360\/revisions"}],"predecessor-version":[{"id":2365,"href":"https:\/\/cfi.carol-voyages.com\/index.php\/wp-json\/wp\/v2\/pages\/2360\/revisions\/2365"}],"wp:attachment":[{"href":"https:\/\/cfi.carol-voyages.com\/index.php\/wp-json\/wp\/v2\/media?parent=2360"}],"curies":[{"name":"wp","href":"https:\/\/api.w.org\/{rel}","templated":true}]}}