{"id":2214,"date":"2020-08-04T14:04:29","date_gmt":"2020-08-04T12:04:29","guid":{"rendered":"https:\/\/cfi.carol-voyages.com\/?page_id=2214"},"modified":"2020-09-10T12:05:12","modified_gmt":"2020-09-10T10:05:12","slug":"mont-saint-michel-conditions","status":"publish","type":"page","link":"https:\/\/cfi.carol-voyages.com\/index.php\/fr\/circuits\/bretagne\/mont-saint-michel\/mont-saint-michel-conditions\/","title":{"rendered":"Mont Saint Michel | Conditions"},"content":{"rendered":"<p>[et_pb_section fb_built=\u00a0\u00bb1&Prime; _builder_version=\u00a0\u00bb4.3.1&Prime; custom_padding=\u00a0\u00bb0px||||false|false\u00a0\u00bb][et_pb_row _builder_version=\u00a0\u00bb4.3.1&Prime; width=\u00a0\u00bb90%\u00a0\u00bb max_width=\u00a0\u00bb100%\u00a0\u00bb custom_padding=\u00a0\u00bb||0px|||\u00a0\u00bb][et_pb_column type=\u00a0\u00bb4_4&Prime; _builder_version=\u00a0\u00bb4.3.1&Prime;][et_pb_text _builder_version=\u00a0\u00bb4.3.1&Prime; text_font=\u00a0\u00bbMontserrat|300|||||||\u00a0\u00bb text_text_color=\u00a0\u00bb#000000&Prime; link_font=\u00a0\u00bbMontserrat||||||||\u00a0\u00bb link_text_color=\u00a0\u00bb#000000&Prime;]<span><span><a href=\"https:\/\/cfi.carol-voyages.com\/\">Home<\/a><\/span><\/span>[\/et_pb_text][\/et_pb_column][\/et_pb_row][et_pb_row _builder_version=\u00a0\u00bb4.3.1&Prime;][et_pb_column type=\u00a0\u00bb4_4&Prime; _builder_version=\u00a0\u00bb4.3.1&Prime;][et_pb_text _builder_version=\u00a0\u00bb4.3.1&Prime; header_2_text_align=\u00a0\u00bbcenter\u00a0\u00bb header_2_font_size=\u00a0\u00bb50px\u00a0\u00bb hover_enabled=\u00a0\u00bb0&Prime; header_2_font_size_tablet=\u00a0\u00bb36px\u00a0\u00bb header_2_font_size_phone=\u00a0\u00bb24px\u00a0\u00bb header_2_font_size_last_edited=\u00a0\u00bbon|phone\u00a0\u00bb]<\/p>\n<h2>MONT SAINT MICHEL | CONDITIONS<\/h2>\n<p>[\/et_pb_text][\/et_pb_column][\/et_pb_row][et_pb_row column_structure=\u00a0\u00bb1_2,1_2&Prime; _builder_version=\u00a0\u00bb4.3.1&Prime;][et_pb_column type=\u00a0\u00bb1_2&Prime; _builder_version=\u00a0\u00bb4.3.1&Prime;][et_pb_text _builder_version=\u00a0\u00bb4.3.1&Prime; header_5_font_size=\u00a0\u00bb18px\u00a0\u00bb header_5_line_height=\u00a0\u00bb1.5em\u00a0\u00bb hover_enabled=\u00a0\u00bb0&Prime;]<\/p>\n<p>Cette offre comprend :<\/p>\n<ul>\n<li>\n<p>Un autocar grand tourisme avec chauffeur de Paris \u00e0 Paris pendant 3 jours.<\/p>\n<\/li>\n<li>\n<p>2 nuits \u00e0 h\u00f4tel 3 \u00e9toiles le Lion d\u2019Or \u00e0 St Brice en Cogles ou similaire.<\/p>\n<\/li>\n<li>\n<p>1 diner \u00e0 l\u2019h\u00f4tel le premier soir (menu 3 plats)<\/p>\n<\/li>\n<li>\n<p>1 diner au caf\u00e9 de la M\u00e8re Poulard (menu 3 plats)<\/p>\n<\/li>\n<li>\n<p>1 d\u00e9jeuner au Mans dans un restaurant au c\u0153ur de la cit\u00e9 historique \u20183 plats)<\/p>\n<\/li>\n<li>\n<p>1 entr\u00e9e au Mont St Michel et \u00e0 son abbaye<\/p>\n<\/li>\n<li>\n<p>1 visite avec un guide local de la baie du Mont St Michel et de ses sables mouvants<\/p>\n<\/li>\n<li>\n<p>1 visite avec un guide local de la cit\u00e9 Plantagenet<\/p>\n<\/li>\n<li>\n<p>1 visite du circuit et des coulisses du circuit des 24 heures du Mans<\/p>\n<\/li>\n<\/ul>\n<p>&nbsp;<\/p>\n<p>[\/et_pb_text][\/et_pb_column][et_pb_column type=\u00a0\u00bb1_2&Prime; _builder_version=\u00a0\u00bb4.3.1&Prime;][et_pb_text _builder_version=\u00a0\u00bb4.3.1&Prime; header_5_font_size=\u00a0\u00bb18px\u00a0\u00bb header_5_line_height=\u00a0\u00bb1.5em\u00a0\u00bb hover_enabled=\u00a0\u00bb0&Prime;]Cette offre ne comprend pas :<\/p>\n<ul>\n<li>Les extras<\/li>\n<li>Les boissons<\/li>\n<li>Les pourboires\n<\/li>\n<li>Tout ce qui n\u2019est pas inclus dans ce programme<\/li>\n<\/ul>\n<p>&nbsp;[\/et_pb_text][\/et_pb_column][\/et_pb_row][et_pb_row _builder_version=\u00a0\u00bb4.3.1&Prime; custom_padding=\u00a0\u00bb0px|||||\u00a0\u00bb][et_pb_column type=\u00a0\u00bb4_4&Prime; _builder_version=\u00a0\u00bb4.3.1&Prime;][et_pb_text _builder_version=\u00a0\u00bb4.3.1&Prime; header_5_font_size=\u00a0\u00bb18px\u00a0\u00bb header_5_line_height=\u00a0\u00bb1.5em\u00a0\u00bb]<\/p>\n<p style=\"text-align: center;\">Tarif groupe bas\u00e9 sur un minimum de 20 participants. Validit\u00e9 2020-2021<\/p>\n<p style=\"text-align: center;\">Suppl\u00e9ment single et r\u00e9duction enfant sur demande<\/p>\n<p style=\"text-align: center;\">Prix nets \u00e0 partir de<\/p>\n<p style=\"text-align: center;\">Itin\u00e9raire donn\u00e9 \u00e0 titre indicatif, les jours et heures des prestations pouvant \u00eatre modifi\u00e9s selon disponibilit\u00e9.<\/p>\n<p style=\"text-align: center;\">R\u00e9servation \u00e0 travers Carol France Incoming<\/p>\n<p>[\/et_pb_text][\/et_pb_column][\/et_pb_row][\/et_pb_section]<\/p>\n","protected":false},"excerpt":{"rendered":"<p><span><span><a href=\"https:\/\/cfi.carol-voyages.com\/\">Home<\/a><\/span><\/span>MONT SAINT MICHEL | CONDITIONS Cette offre comprend : Un autocar grand tourisme avec chauffeur de Paris \u00e0 Paris pendant 3 jours. 2 nuits \u00e0 h\u00f4tel 3 \u00e9toiles le Lion d\u2019Or \u00e0 St Brice en Cogles ou similaire. 1 diner \u00e0 l\u2019h\u00f4tel le premier soir (menu 3 plats) 1 diner au caf\u00e9 de la M\u00e8re [&hellip;]<\/p>\n","protected":false},"author":1,"featured_media":0,"parent":2207,"menu_order":0,"comment_status":"closed","ping_status":"closed","template":"","meta":{"_et_pb_use_builder":"on","_et_pb_old_content":"","_et_gb_content_width":"","footnotes":""},"class_list":["post-2214","page","type-page","status-publish","hentry"],"yoast_head":"<!-- This site is optimized with the Yoast SEO plugin v26.6 - https:\/\/yoast.com\/wordpress\/plugins\/seo\/ -->\n<title>Mont Saint Michel | Conditions - Carol France Incoming<\/title>\n<meta name=\"robots\" content=\"index, follow, max-snippet:-1, max-image-preview:large, max-video-preview:-1\" \/>\n<link rel=\"canonical\" href=\"https:\/\/cfi.carol-voyages.com\/index.php\/fr\/circuits\/bretagne\/mont-saint-michel\/mont-saint-michel-conditions\/\" \/>\n<meta property=\"og:locale\" content=\"fr_FR\" \/>\n<meta property=\"og:type\" content=\"article\" \/>\n<meta property=\"og:title\" content=\"Mont Saint Michel | Conditions - Carol France Incoming\" \/>\n<meta property=\"og:description\" content=\"MONT SAINT MICHEL | CONDITIONS Cette offre comprend : Un autocar grand tourisme avec chauffeur de Paris \u00e0 Paris pendant 3 jours. 2 nuits \u00e0 h\u00f4tel 3 \u00e9toiles le Lion d\u2019Or \u00e0 St Brice en Cogles ou similaire. 1 diner \u00e0 l\u2019h\u00f4tel le premier soir (menu 3 plats) 1 diner au caf\u00e9 de la M\u00e8re [&hellip;]\" \/>\n<meta property=\"og:url\" content=\"https:\/\/cfi.carol-voyages.com\/index.php\/fr\/circuits\/bretagne\/mont-saint-michel\/mont-saint-michel-conditions\/\" \/>\n<meta property=\"og:site_name\" content=\"Carol France Incoming\" \/>\n<meta property=\"article:modified_time\" content=\"2020-09-10T10:05:12+00:00\" \/>\n<meta name=\"twitter:card\" content=\"summary_large_image\" \/>\n<meta name=\"twitter:label1\" content=\"Dur\u00e9e de lecture estim\u00e9e\" \/>\n\t<meta name=\"twitter:data1\" content=\"2 minutes\" \/>\n<script type=\"application\/ld+json\" class=\"yoast-schema-graph\">{\"@context\":\"https:\/\/schema.org\",\"@graph\":[{\"@type\":\"WebPage\",\"@id\":\"https:\/\/cfi.carol-voyages.com\/index.php\/fr\/circuits\/bretagne\/mont-saint-michel\/mont-saint-michel-conditions\/\",\"url\":\"https:\/\/cfi.carol-voyages.com\/index.php\/fr\/circuits\/bretagne\/mont-saint-michel\/mont-saint-michel-conditions\/\",\"name\":\"Mont Saint Michel | Conditions - Carol France Incoming\",\"isPartOf\":{\"@id\":\"https:\/\/cfi.carol-voyages.com\/#website\"},\"datePublished\":\"2020-08-04T12:04:29+00:00\",\"dateModified\":\"2020-09-10T10:05:12+00:00\",\"breadcrumb\":{\"@id\":\"https:\/\/cfi.carol-voyages.com\/index.php\/fr\/circuits\/bretagne\/mont-saint-michel\/mont-saint-michel-conditions\/#breadcrumb\"},\"inLanguage\":\"fr-FR\",\"potentialAction\":[{\"@type\":\"ReadAction\",\"target\":[\"https:\/\/cfi.carol-voyages.com\/index.php\/fr\/circuits\/bretagne\/mont-saint-michel\/mont-saint-michel-conditions\/\"]}]},{\"@type\":\"BreadcrumbList\",\"@id\":\"https:\/\/cfi.carol-voyages.com\/index.php\/fr\/circuits\/bretagne\/mont-saint-michel\/mont-saint-michel-conditions\/#breadcrumb\",\"itemListElement\":[{\"@type\":\"ListItem\",\"position\":1,\"name\":\"Home\",\"item\":\"https:\/\/cfi.carol-voyages.com\/\"},{\"@type\":\"ListItem\",\"position\":2,\"name\":\"Circuits\",\"item\":\"https:\/\/cfi.carol-voyages.com\/index.php\/fr\/circuits\/\"},{\"@type\":\"ListItem\",\"position\":3,\"name\":\"Bretagne\",\"item\":\"https:\/\/cfi.carol-voyages.com\/index.php\/fr\/circuits\/bretagne\/\"},{\"@type\":\"ListItem\",\"position\":4,\"name\":\"Mont Saint Michel\",\"item\":\"https:\/\/cfi.carol-voyages.com\/index.php\/fr\/circuits\/bretagne\/mont-saint-michel\/\"},{\"@type\":\"ListItem\",\"position\":5,\"name\":\"Mont Saint Michel | Conditions\"}]},{\"@type\":\"WebSite\",\"@id\":\"https:\/\/cfi.carol-voyages.com\/#website\",\"url\":\"https:\/\/cfi.carol-voyages.com\/\",\"name\":\"Carol France Incoming\",\"description\":\"Your DMC in France\",\"publisher\":{\"@id\":\"https:\/\/cfi.carol-voyages.com\/#organization\"},\"potentialAction\":[{\"@type\":\"SearchAction\",\"target\":{\"@type\":\"EntryPoint\",\"urlTemplate\":\"https:\/\/cfi.carol-voyages.com\/?s={search_term_string}\"},\"query-input\":{\"@type\":\"PropertyValueSpecification\",\"valueRequired\":true,\"valueName\":\"search_term_string\"}}],\"inLanguage\":\"fr-FR\"},{\"@type\":\"Organization\",\"@id\":\"https:\/\/cfi.carol-voyages.com\/#organization\",\"name\":\"Carol France Incoming\",\"url\":\"https:\/\/cfi.carol-voyages.com\/\",\"logo\":{\"@type\":\"ImageObject\",\"inLanguage\":\"fr-FR\",\"@id\":\"https:\/\/cfi.carol-voyages.com\/#\/schema\/logo\/image\/\",\"url\":\"https:\/\/cfi.carol-voyages.com\/wp-content\/uploads\/2020\/02\/logo-carol-france-incoming.jpg\",\"contentUrl\":\"https:\/\/cfi.carol-voyages.com\/wp-content\/uploads\/2020\/02\/logo-carol-france-incoming.jpg\",\"width\":321,\"height\":151,\"caption\":\"Carol France Incoming\"},\"image\":{\"@id\":\"https:\/\/cfi.carol-voyages.com\/#\/schema\/logo\/image\/\"}}]}<\/script>\n<!-- \/ Yoast SEO plugin. -->","yoast_head_json":{"title":"Mont Saint Michel | Conditions - Carol France Incoming","robots":{"index":"index","follow":"follow","max-snippet":"max-snippet:-1","max-image-preview":"max-image-preview:large","max-video-preview":"max-video-preview:-1"},"canonical":"https:\/\/cfi.carol-voyages.com\/index.php\/fr\/circuits\/bretagne\/mont-saint-michel\/mont-saint-michel-conditions\/","og_locale":"fr_FR","og_type":"article","og_title":"Mont Saint Michel | Conditions - Carol France Incoming","og_description":"MONT SAINT MICHEL | CONDITIONS Cette offre comprend : Un autocar grand tourisme avec chauffeur de Paris \u00e0 Paris pendant 3 jours. 2 nuits \u00e0 h\u00f4tel 3 \u00e9toiles le Lion d\u2019Or \u00e0 St Brice en Cogles ou similaire. 1 diner \u00e0 l\u2019h\u00f4tel le premier soir (menu 3 plats) 1 diner au caf\u00e9 de la M\u00e8re [&hellip;]","og_url":"https:\/\/cfi.carol-voyages.com\/index.php\/fr\/circuits\/bretagne\/mont-saint-michel\/mont-saint-michel-conditions\/","og_site_name":"Carol France Incoming","article_modified_time":"2020-09-10T10:05:12+00:00","twitter_card":"summary_large_image","twitter_misc":{"Dur\u00e9e de lecture estim\u00e9e":"2 minutes"},"schema":{"@context":"https:\/\/schema.org","@graph":[{"@type":"WebPage","@id":"https:\/\/cfi.carol-voyages.com\/index.php\/fr\/circuits\/bretagne\/mont-saint-michel\/mont-saint-michel-conditions\/","url":"https:\/\/cfi.carol-voyages.com\/index.php\/fr\/circuits\/bretagne\/mont-saint-michel\/mont-saint-michel-conditions\/","name":"Mont Saint Michel | Conditions - Carol France Incoming","isPartOf":{"@id":"https:\/\/cfi.carol-voyages.com\/#website"},"datePublished":"2020-08-04T12:04:29+00:00","dateModified":"2020-09-10T10:05:12+00:00","breadcrumb":{"@id":"https:\/\/cfi.carol-voyages.com\/index.php\/fr\/circuits\/bretagne\/mont-saint-michel\/mont-saint-michel-conditions\/#breadcrumb"},"inLanguage":"fr-FR","potentialAction":[{"@type":"ReadAction","target":["https:\/\/cfi.carol-voyages.com\/index.php\/fr\/circuits\/bretagne\/mont-saint-michel\/mont-saint-michel-conditions\/"]}]},{"@type":"BreadcrumbList","@id":"https:\/\/cfi.carol-voyages.com\/index.php\/fr\/circuits\/bretagne\/mont-saint-michel\/mont-saint-michel-conditions\/#breadcrumb","itemListElement":[{"@type":"ListItem","position":1,"name":"Home","item":"https:\/\/cfi.carol-voyages.com\/"},{"@type":"ListItem","position":2,"name":"Circuits","item":"https:\/\/cfi.carol-voyages.com\/index.php\/fr\/circuits\/"},{"@type":"ListItem","position":3,"name":"Bretagne","item":"https:\/\/cfi.carol-voyages.com\/index.php\/fr\/circuits\/bretagne\/"},{"@type":"ListItem","position":4,"name":"Mont Saint Michel","item":"https:\/\/cfi.carol-voyages.com\/index.php\/fr\/circuits\/bretagne\/mont-saint-michel\/"},{"@type":"ListItem","position":5,"name":"Mont Saint Michel | Conditions"}]},{"@type":"WebSite","@id":"https:\/\/cfi.carol-voyages.com\/#website","url":"https:\/\/cfi.carol-voyages.com\/","name":"Carol France Incoming","description":"Your DMC in France","publisher":{"@id":"https:\/\/cfi.carol-voyages.com\/#organization"},"potentialAction":[{"@type":"SearchAction","target":{"@type":"EntryPoint","urlTemplate":"https:\/\/cfi.carol-voyages.com\/?s={search_term_string}"},"query-input":{"@type":"PropertyValueSpecification","valueRequired":true,"valueName":"search_term_string"}}],"inLanguage":"fr-FR"},{"@type":"Organization","@id":"https:\/\/cfi.carol-voyages.com\/#organization","name":"Carol France Incoming","url":"https:\/\/cfi.carol-voyages.com\/","logo":{"@type":"ImageObject","inLanguage":"fr-FR","@id":"https:\/\/cfi.carol-voyages.com\/#\/schema\/logo\/image\/","url":"https:\/\/cfi.carol-voyages.com\/wp-content\/uploads\/2020\/02\/logo-carol-france-incoming.jpg","contentUrl":"https:\/\/cfi.carol-voyages.com\/wp-content\/uploads\/2020\/02\/logo-carol-france-incoming.jpg","width":321,"height":151,"caption":"Carol France Incoming"},"image":{"@id":"https:\/\/cfi.carol-voyages.com\/#\/schema\/logo\/image\/"}}]}},"_links":{"self":[{"href":"https:\/\/cfi.carol-voyages.com\/index.php\/wp-json\/wp\/v2\/pages\/2214","targetHints":{"allow":["GET"]}}],"collection":[{"href":"https:\/\/cfi.carol-voyages.com\/index.php\/wp-json\/wp\/v2\/pages"}],"about":[{"href":"https:\/\/cfi.carol-voyages.com\/index.php\/wp-json\/wp\/v2\/types\/page"}],"author":[{"embeddable":true,"href":"https:\/\/cfi.carol-voyages.com\/index.php\/wp-json\/wp\/v2\/users\/1"}],"replies":[{"embeddable":true,"href":"https:\/\/cfi.carol-voyages.com\/index.php\/wp-json\/wp\/v2\/comments?post=2214"}],"version-history":[{"count":3,"href":"https:\/\/cfi.carol-voyages.com\/index.php\/wp-json\/wp\/v2\/pages\/2214\/revisions"}],"predecessor-version":[{"id":2220,"href":"https:\/\/cfi.carol-voyages.com\/index.php\/wp-json\/wp\/v2\/pages\/2214\/revisions\/2220"}],"up":[{"embeddable":true,"href":"https:\/\/cfi.carol-voyages.com\/index.php\/wp-json\/wp\/v2\/pages\/2207"}],"wp:attachment":[{"href":"https:\/\/cfi.carol-voyages.com\/index.php\/wp-json\/wp\/v2\/media?parent=2214"}],"curies":[{"name":"wp","href":"https:\/\/api.w.org\/{rel}","templated":true}]}}