{"id":2143,"date":"2020-08-04T13:19:03","date_gmt":"2020-08-04T11:19:03","guid":{"rendered":"https:\/\/cfi.carol-voyages.com\/?page_id=2143"},"modified":"2020-09-10T12:04:32","modified_gmt":"2020-09-10T10:04:32","slug":"lumieres-de-la-cote-dazur-conditions","status":"publish","type":"page","link":"https:\/\/cfi.carol-voyages.com\/index.php\/fr\/circuits\/provence-alpes-cote-dazur\/lumieres-de-la-cote-dazur\/lumieres-de-la-cote-dazur-conditions\/","title":{"rendered":"Lumi\u00e8res de la C\u00f4te d&rsquo;Azur | Conditions"},"content":{"rendered":"<p>[et_pb_section fb_built=\u00a0\u00bb1&Prime; _builder_version=\u00a0\u00bb4.3.1&Prime; custom_padding=\u00a0\u00bb0px||||false|false\u00a0\u00bb][et_pb_row _builder_version=\u00a0\u00bb4.3.1&Prime; width=\u00a0\u00bb90%\u00a0\u00bb max_width=\u00a0\u00bb100%\u00a0\u00bb custom_padding=\u00a0\u00bb||0px|||\u00a0\u00bb][et_pb_column type=\u00a0\u00bb4_4&Prime; _builder_version=\u00a0\u00bb4.3.1&Prime;][et_pb_text _builder_version=\u00a0\u00bb4.3.1&Prime; text_font=\u00a0\u00bbMontserrat|300|||||||\u00a0\u00bb text_text_color=\u00a0\u00bb#000000&Prime; link_font=\u00a0\u00bbMontserrat||||||||\u00a0\u00bb link_text_color=\u00a0\u00bb#000000&Prime;]<span><span><a href=\"https:\/\/cfi.carol-voyages.com\/\">Home<\/a><\/span><\/span>[\/et_pb_text][\/et_pb_column][\/et_pb_row][et_pb_row _builder_version=\u00a0\u00bb4.3.1&Prime;][et_pb_column type=\u00a0\u00bb4_4&Prime; _builder_version=\u00a0\u00bb4.3.1&Prime;][et_pb_text _builder_version=\u00a0\u00bb4.3.1&Prime; header_2_text_align=\u00a0\u00bbcenter\u00a0\u00bb header_2_font_size=\u00a0\u00bb50px\u00a0\u00bb hover_enabled=\u00a0\u00bb0&Prime; header_2_font_size_tablet=\u00a0\u00bb36px\u00a0\u00bb header_2_font_size_phone=\u00a0\u00bb24px\u00a0\u00bb header_2_font_size_last_edited=\u00a0\u00bbon|phone\u00a0\u00bb]<\/p>\n<h2>LUMI\u00c8RES DE LA C\u00d4TE D&rsquo;AZUR | CONDITIONS<\/h2>\n<p>[\/et_pb_text][\/et_pb_column][\/et_pb_row][et_pb_row column_structure=\u00a0\u00bb1_2,1_2&Prime; _builder_version=\u00a0\u00bb4.3.1&Prime;][et_pb_column type=\u00a0\u00bb1_2&Prime; _builder_version=\u00a0\u00bb4.3.1&Prime;][et_pb_text _builder_version=\u00a0\u00bb4.3.1&Prime; header_5_font_size=\u00a0\u00bb18px\u00a0\u00bb header_5_line_height=\u00a0\u00bb1.5em\u00a0\u00bb hover_enabled=\u00a0\u00bb0&Prime;]<\/p>\n<p>Cette offre comprend :<\/p>\n<ul>\n<li>1 autocar grand tourisme avec chauffeur de Nice \u00e0 Nice pendant 5<\/li>\n<li>4 nuits en h\u00f4tels 3 \u00e9toiles en chambre et petit-d\u00e9jeuner.\n<ul><\/ul>\n<\/li>\n<li>Toutes les visites mentionn\u00e9es au programme (incluant les entr\u00e9es).<\/li>\n<\/ul>\n<p>&nbsp;<\/p>\n<p>[\/et_pb_text][\/et_pb_column][et_pb_column type=\u00a0\u00bb1_2&Prime; _builder_version=\u00a0\u00bb4.3.1&Prime;][et_pb_text _builder_version=\u00a0\u00bb4.3.1&Prime; header_5_font_size=\u00a0\u00bb18px\u00a0\u00bb header_5_line_height=\u00a0\u00bb1.5em\u00a0\u00bb hover_enabled=\u00a0\u00bb0&Prime;]<\/p>\n<p>Cette offre ne comprend pas :<\/p>\n<ul>\n<li>Les repas (hors petits d\u00e9jeuners)<\/li>\n<li>Les extras<\/li>\n<li>Les pourboires<\/li>\n<li>Tout ce qui n\u2019est pas inclus dans ce programme\n<ul><\/ul>\n<\/li>\n<\/ul>\n<p>&nbsp;<\/p>\n<p>[\/et_pb_text][\/et_pb_column][\/et_pb_row][et_pb_row _builder_version=\u00a0\u00bb4.3.1&Prime; custom_padding=\u00a0\u00bb0px|||||\u00a0\u00bb][et_pb_column type=\u00a0\u00bb4_4&Prime; _builder_version=\u00a0\u00bb4.3.1&Prime;][et_pb_text _builder_version=\u00a0\u00bb4.3.1&Prime; header_5_font_size=\u00a0\u00bb18px\u00a0\u00bb header_5_line_height=\u00a0\u00bb1.5em\u00a0\u00bb hover_enabled=\u00a0\u00bb0&Prime;]<\/p>\n<p style=\"text-align: center;\">Offre groupe \u00e0 partir de 20 participants Validit\u00e9 2020-2021<\/p>\n<p style=\"text-align: center;\">Tarifs nets \u00e0 partir de (\u00e0 affiner selon p\u00e9riode et nombre de participants).<\/p>\n<p style=\"text-align: center;\">Suppl\u00e9ment single et r\u00e9duction enfant sur demande.<\/p>\n<p style=\"text-align: center;\">Itin\u00e9raire donn\u00e9 \u00e0 titre indicatif, les jours et heures des prestations pouvant \u00eatre modifi\u00e9s selon disponibilit\u00e9.<\/p>\n<p style=\"text-align: center;\">R\u00e9servation \u00e0 travers Carol France Incoming<\/p>\n<p>[\/et_pb_text][\/et_pb_column][\/et_pb_row][\/et_pb_section]<\/p>\n","protected":false},"excerpt":{"rendered":"<p><span><span><a href=\"https:\/\/cfi.carol-voyages.com\/\">Home<\/a><\/span><\/span>LUMI\u00c8RES DE LA C\u00d4TE D&rsquo;AZUR | CONDITIONS Cette offre comprend : 1 autocar grand tourisme avec chauffeur de Nice \u00e0 Nice pendant 5 4 nuits en h\u00f4tels 3 \u00e9toiles en chambre et petit-d\u00e9jeuner. Toutes les visites mentionn\u00e9es au programme (incluant les entr\u00e9es). &nbsp; Cette offre ne comprend pas : Les repas (hors petits d\u00e9jeuners) Les [&hellip;]<\/p>\n","protected":false},"author":1,"featured_media":0,"parent":2132,"menu_order":0,"comment_status":"closed","ping_status":"closed","template":"","meta":{"_et_pb_use_builder":"on","_et_pb_old_content":"","_et_gb_content_width":"","footnotes":""},"class_list":["post-2143","page","type-page","status-publish","hentry"],"yoast_head":"<!-- This site is optimized with the Yoast SEO plugin v26.6 - https:\/\/yoast.com\/wordpress\/plugins\/seo\/ -->\n<title>Lumi\u00e8res de la C\u00f4te d&#039;Azur | Conditions - Carol France Incoming<\/title>\n<meta name=\"robots\" content=\"index, follow, max-snippet:-1, max-image-preview:large, max-video-preview:-1\" \/>\n<link rel=\"canonical\" href=\"https:\/\/cfi.carol-voyages.com\/index.php\/fr\/circuits\/provence-alpes-cote-dazur\/lumieres-de-la-cote-dazur\/lumieres-de-la-cote-dazur-conditions\/\" \/>\n<meta property=\"og:locale\" content=\"fr_FR\" \/>\n<meta property=\"og:type\" content=\"article\" \/>\n<meta property=\"og:title\" content=\"Lumi\u00e8res de la C\u00f4te d&#039;Azur | Conditions - Carol France Incoming\" \/>\n<meta property=\"og:description\" content=\"LUMI\u00c8RES DE LA C\u00d4TE D&#039;AZUR | CONDITIONS Cette offre comprend : 1 autocar grand tourisme avec chauffeur de Nice \u00e0 Nice pendant 5 4 nuits en h\u00f4tels 3 \u00e9toiles en chambre et petit-d\u00e9jeuner. Toutes les visites mentionn\u00e9es au programme (incluant les entr\u00e9es). &nbsp; Cette offre ne comprend pas : Les repas (hors petits d\u00e9jeuners) Les [&hellip;]\" \/>\n<meta property=\"og:url\" content=\"https:\/\/cfi.carol-voyages.com\/index.php\/fr\/circuits\/provence-alpes-cote-dazur\/lumieres-de-la-cote-dazur\/lumieres-de-la-cote-dazur-conditions\/\" \/>\n<meta property=\"og:site_name\" content=\"Carol France Incoming\" \/>\n<meta property=\"article:modified_time\" content=\"2020-09-10T10:04:32+00:00\" \/>\n<meta name=\"twitter:card\" content=\"summary_large_image\" \/>\n<meta name=\"twitter:label1\" content=\"Dur\u00e9e de lecture estim\u00e9e\" \/>\n\t<meta name=\"twitter:data1\" content=\"2 minutes\" \/>\n<script type=\"application\/ld+json\" class=\"yoast-schema-graph\">{\"@context\":\"https:\/\/schema.org\",\"@graph\":[{\"@type\":\"WebPage\",\"@id\":\"https:\/\/cfi.carol-voyages.com\/index.php\/fr\/circuits\/provence-alpes-cote-dazur\/lumieres-de-la-cote-dazur\/lumieres-de-la-cote-dazur-conditions\/\",\"url\":\"https:\/\/cfi.carol-voyages.com\/index.php\/fr\/circuits\/provence-alpes-cote-dazur\/lumieres-de-la-cote-dazur\/lumieres-de-la-cote-dazur-conditions\/\",\"name\":\"Lumi\u00e8res de la C\u00f4te d'Azur | Conditions - Carol France Incoming\",\"isPartOf\":{\"@id\":\"https:\/\/cfi.carol-voyages.com\/#website\"},\"datePublished\":\"2020-08-04T11:19:03+00:00\",\"dateModified\":\"2020-09-10T10:04:32+00:00\",\"breadcrumb\":{\"@id\":\"https:\/\/cfi.carol-voyages.com\/index.php\/fr\/circuits\/provence-alpes-cote-dazur\/lumieres-de-la-cote-dazur\/lumieres-de-la-cote-dazur-conditions\/#breadcrumb\"},\"inLanguage\":\"fr-FR\",\"potentialAction\":[{\"@type\":\"ReadAction\",\"target\":[\"https:\/\/cfi.carol-voyages.com\/index.php\/fr\/circuits\/provence-alpes-cote-dazur\/lumieres-de-la-cote-dazur\/lumieres-de-la-cote-dazur-conditions\/\"]}]},{\"@type\":\"BreadcrumbList\",\"@id\":\"https:\/\/cfi.carol-voyages.com\/index.php\/fr\/circuits\/provence-alpes-cote-dazur\/lumieres-de-la-cote-dazur\/lumieres-de-la-cote-dazur-conditions\/#breadcrumb\",\"itemListElement\":[{\"@type\":\"ListItem\",\"position\":1,\"name\":\"Home\",\"item\":\"https:\/\/cfi.carol-voyages.com\/\"},{\"@type\":\"ListItem\",\"position\":2,\"name\":\"Circuits\",\"item\":\"https:\/\/cfi.carol-voyages.com\/index.php\/fr\/circuits\/\"},{\"@type\":\"ListItem\",\"position\":3,\"name\":\"Provence Alpes C\u00f4te d&rsquo;Azur\",\"item\":\"https:\/\/cfi.carol-voyages.com\/index.php\/fr\/circuits\/provence-alpes-cote-dazur\/\"},{\"@type\":\"ListItem\",\"position\":4,\"name\":\"Lumi\u00e8res de la C\u00f4te d&rsquo;Azur\",\"item\":\"https:\/\/cfi.carol-voyages.com\/index.php\/fr\/circuits\/provence-alpes-cote-dazur\/lumieres-de-la-cote-dazur\/\"},{\"@type\":\"ListItem\",\"position\":5,\"name\":\"Lumi\u00e8res de la C\u00f4te d&rsquo;Azur | Conditions\"}]},{\"@type\":\"WebSite\",\"@id\":\"https:\/\/cfi.carol-voyages.com\/#website\",\"url\":\"https:\/\/cfi.carol-voyages.com\/\",\"name\":\"Carol France Incoming\",\"description\":\"Your DMC in France\",\"publisher\":{\"@id\":\"https:\/\/cfi.carol-voyages.com\/#organization\"},\"potentialAction\":[{\"@type\":\"SearchAction\",\"target\":{\"@type\":\"EntryPoint\",\"urlTemplate\":\"https:\/\/cfi.carol-voyages.com\/?s={search_term_string}\"},\"query-input\":{\"@type\":\"PropertyValueSpecification\",\"valueRequired\":true,\"valueName\":\"search_term_string\"}}],\"inLanguage\":\"fr-FR\"},{\"@type\":\"Organization\",\"@id\":\"https:\/\/cfi.carol-voyages.com\/#organization\",\"name\":\"Carol France Incoming\",\"url\":\"https:\/\/cfi.carol-voyages.com\/\",\"logo\":{\"@type\":\"ImageObject\",\"inLanguage\":\"fr-FR\",\"@id\":\"https:\/\/cfi.carol-voyages.com\/#\/schema\/logo\/image\/\",\"url\":\"https:\/\/cfi.carol-voyages.com\/wp-content\/uploads\/2020\/02\/logo-carol-france-incoming.jpg\",\"contentUrl\":\"https:\/\/cfi.carol-voyages.com\/wp-content\/uploads\/2020\/02\/logo-carol-france-incoming.jpg\",\"width\":321,\"height\":151,\"caption\":\"Carol France Incoming\"},\"image\":{\"@id\":\"https:\/\/cfi.carol-voyages.com\/#\/schema\/logo\/image\/\"}}]}<\/script>\n<!-- \/ Yoast SEO plugin. -->","yoast_head_json":{"title":"Lumi\u00e8res de la C\u00f4te d'Azur | Conditions - Carol France Incoming","robots":{"index":"index","follow":"follow","max-snippet":"max-snippet:-1","max-image-preview":"max-image-preview:large","max-video-preview":"max-video-preview:-1"},"canonical":"https:\/\/cfi.carol-voyages.com\/index.php\/fr\/circuits\/provence-alpes-cote-dazur\/lumieres-de-la-cote-dazur\/lumieres-de-la-cote-dazur-conditions\/","og_locale":"fr_FR","og_type":"article","og_title":"Lumi\u00e8res de la C\u00f4te d'Azur | Conditions - Carol France Incoming","og_description":"LUMI\u00c8RES DE LA C\u00d4TE D'AZUR | CONDITIONS Cette offre comprend : 1 autocar grand tourisme avec chauffeur de Nice \u00e0 Nice pendant 5 4 nuits en h\u00f4tels 3 \u00e9toiles en chambre et petit-d\u00e9jeuner. Toutes les visites mentionn\u00e9es au programme (incluant les entr\u00e9es). &nbsp; Cette offre ne comprend pas : Les repas (hors petits d\u00e9jeuners) Les [&hellip;]","og_url":"https:\/\/cfi.carol-voyages.com\/index.php\/fr\/circuits\/provence-alpes-cote-dazur\/lumieres-de-la-cote-dazur\/lumieres-de-la-cote-dazur-conditions\/","og_site_name":"Carol France Incoming","article_modified_time":"2020-09-10T10:04:32+00:00","twitter_card":"summary_large_image","twitter_misc":{"Dur\u00e9e de lecture estim\u00e9e":"2 minutes"},"schema":{"@context":"https:\/\/schema.org","@graph":[{"@type":"WebPage","@id":"https:\/\/cfi.carol-voyages.com\/index.php\/fr\/circuits\/provence-alpes-cote-dazur\/lumieres-de-la-cote-dazur\/lumieres-de-la-cote-dazur-conditions\/","url":"https:\/\/cfi.carol-voyages.com\/index.php\/fr\/circuits\/provence-alpes-cote-dazur\/lumieres-de-la-cote-dazur\/lumieres-de-la-cote-dazur-conditions\/","name":"Lumi\u00e8res de la C\u00f4te d'Azur | Conditions - Carol France Incoming","isPartOf":{"@id":"https:\/\/cfi.carol-voyages.com\/#website"},"datePublished":"2020-08-04T11:19:03+00:00","dateModified":"2020-09-10T10:04:32+00:00","breadcrumb":{"@id":"https:\/\/cfi.carol-voyages.com\/index.php\/fr\/circuits\/provence-alpes-cote-dazur\/lumieres-de-la-cote-dazur\/lumieres-de-la-cote-dazur-conditions\/#breadcrumb"},"inLanguage":"fr-FR","potentialAction":[{"@type":"ReadAction","target":["https:\/\/cfi.carol-voyages.com\/index.php\/fr\/circuits\/provence-alpes-cote-dazur\/lumieres-de-la-cote-dazur\/lumieres-de-la-cote-dazur-conditions\/"]}]},{"@type":"BreadcrumbList","@id":"https:\/\/cfi.carol-voyages.com\/index.php\/fr\/circuits\/provence-alpes-cote-dazur\/lumieres-de-la-cote-dazur\/lumieres-de-la-cote-dazur-conditions\/#breadcrumb","itemListElement":[{"@type":"ListItem","position":1,"name":"Home","item":"https:\/\/cfi.carol-voyages.com\/"},{"@type":"ListItem","position":2,"name":"Circuits","item":"https:\/\/cfi.carol-voyages.com\/index.php\/fr\/circuits\/"},{"@type":"ListItem","position":3,"name":"Provence Alpes C\u00f4te d&rsquo;Azur","item":"https:\/\/cfi.carol-voyages.com\/index.php\/fr\/circuits\/provence-alpes-cote-dazur\/"},{"@type":"ListItem","position":4,"name":"Lumi\u00e8res de la C\u00f4te d&rsquo;Azur","item":"https:\/\/cfi.carol-voyages.com\/index.php\/fr\/circuits\/provence-alpes-cote-dazur\/lumieres-de-la-cote-dazur\/"},{"@type":"ListItem","position":5,"name":"Lumi\u00e8res de la C\u00f4te d&rsquo;Azur | Conditions"}]},{"@type":"WebSite","@id":"https:\/\/cfi.carol-voyages.com\/#website","url":"https:\/\/cfi.carol-voyages.com\/","name":"Carol France Incoming","description":"Your DMC in France","publisher":{"@id":"https:\/\/cfi.carol-voyages.com\/#organization"},"potentialAction":[{"@type":"SearchAction","target":{"@type":"EntryPoint","urlTemplate":"https:\/\/cfi.carol-voyages.com\/?s={search_term_string}"},"query-input":{"@type":"PropertyValueSpecification","valueRequired":true,"valueName":"search_term_string"}}],"inLanguage":"fr-FR"},{"@type":"Organization","@id":"https:\/\/cfi.carol-voyages.com\/#organization","name":"Carol France Incoming","url":"https:\/\/cfi.carol-voyages.com\/","logo":{"@type":"ImageObject","inLanguage":"fr-FR","@id":"https:\/\/cfi.carol-voyages.com\/#\/schema\/logo\/image\/","url":"https:\/\/cfi.carol-voyages.com\/wp-content\/uploads\/2020\/02\/logo-carol-france-incoming.jpg","contentUrl":"https:\/\/cfi.carol-voyages.com\/wp-content\/uploads\/2020\/02\/logo-carol-france-incoming.jpg","width":321,"height":151,"caption":"Carol France Incoming"},"image":{"@id":"https:\/\/cfi.carol-voyages.com\/#\/schema\/logo\/image\/"}}]}},"_links":{"self":[{"href":"https:\/\/cfi.carol-voyages.com\/index.php\/wp-json\/wp\/v2\/pages\/2143","targetHints":{"allow":["GET"]}}],"collection":[{"href":"https:\/\/cfi.carol-voyages.com\/index.php\/wp-json\/wp\/v2\/pages"}],"about":[{"href":"https:\/\/cfi.carol-voyages.com\/index.php\/wp-json\/wp\/v2\/types\/page"}],"author":[{"embeddable":true,"href":"https:\/\/cfi.carol-voyages.com\/index.php\/wp-json\/wp\/v2\/users\/1"}],"replies":[{"embeddable":true,"href":"https:\/\/cfi.carol-voyages.com\/index.php\/wp-json\/wp\/v2\/comments?post=2143"}],"version-history":[{"count":3,"href":"https:\/\/cfi.carol-voyages.com\/index.php\/wp-json\/wp\/v2\/pages\/2143\/revisions"}],"predecessor-version":[{"id":2148,"href":"https:\/\/cfi.carol-voyages.com\/index.php\/wp-json\/wp\/v2\/pages\/2143\/revisions\/2148"}],"up":[{"embeddable":true,"href":"https:\/\/cfi.carol-voyages.com\/index.php\/wp-json\/wp\/v2\/pages\/2132"}],"wp:attachment":[{"href":"https:\/\/cfi.carol-voyages.com\/index.php\/wp-json\/wp\/v2\/media?parent=2143"}],"curies":[{"name":"wp","href":"https:\/\/api.w.org\/{rel}","templated":true}]}}