{"id":2050,"date":"2020-07-22T18:32:28","date_gmt":"2020-07-22T16:32:28","guid":{"rendered":"https:\/\/cfi.carol-voyages.com\/?page_id=2050"},"modified":"2020-09-10T11:59:25","modified_gmt":"2020-09-10T09:59:25","slug":"forfait-nice-4-nuits-hotel-monsigny-3-demi-journee-excursion-monaco","status":"publish","type":"page","link":"https:\/\/cfi.carol-voyages.com\/index.php\/fr\/forfait-nice-4-nuits-hotel-monsigny-3-demi-journee-excursion-monaco\/","title":{"rendered":"Forfait Nice 4 nuits Hotel Monsigny 3* + demi journ\u00e9e excursion Monaco"},"content":{"rendered":"<p>[et_pb_section fb_built=\u00a0\u00bb1&Prime; _builder_version=\u00a0\u00bb4.3.1&Prime; custom_padding=\u00a0\u00bb0px||||false|false\u00a0\u00bb][et_pb_row _builder_version=\u00a0\u00bb4.3.1&Prime; width=\u00a0\u00bb90%\u00a0\u00bb max_width=\u00a0\u00bb100%\u00a0\u00bb custom_padding=\u00a0\u00bb||0px|||\u00a0\u00bb][et_pb_column type=\u00a0\u00bb4_4&Prime; _builder_version=\u00a0\u00bb4.3.1&Prime;][et_pb_text disabled_on=\u00a0\u00bbon|on|off\u00a0\u00bb _builder_version=\u00a0\u00bb4.3.1&Prime; text_font=\u00a0\u00bbMontserrat|300|||||||\u00a0\u00bb text_text_color=\u00a0\u00bb#000000&Prime; link_font=\u00a0\u00bbMontserrat||||||||\u00a0\u00bb link_text_color=\u00a0\u00bb#000000&Prime;]<span><span><a href=\"https:\/\/cfi.carol-voyages.com\/\">Home<\/a><\/span><\/span>[\/et_pb_text][\/et_pb_column][\/et_pb_row][et_pb_row _builder_version=\u00a0\u00bb4.3.1&Prime; custom_padding=\u00a0\u00bb||0px|||\u00a0\u00bb][et_pb_column type=\u00a0\u00bb4_4&Prime; _builder_version=\u00a0\u00bb4.3.1&Prime;][et_pb_text _builder_version=\u00a0\u00bb4.3.1&Prime; text_font=\u00a0\u00bbMontserrat||||||||\u00a0\u00bb header_font=\u00a0\u00bbMontserrat||||||||\u00a0\u00bb header_font_size=\u00a0\u00bb50px\u00a0\u00bb header_2_font=\u00a0\u00bbOswald||||||||\u00a0\u00bb header_2_text_align=\u00a0\u00bbcenter\u00a0\u00bb header_2_text_color=\u00a0\u00bb#ffba00&Prime; header_2_font_size=\u00a0\u00bb60px\u00a0\u00bb header_2_line_height=\u00a0\u00bb1.5em\u00a0\u00bb text_orientation=\u00a0\u00bbcenter\u00a0\u00bb hover_enabled=\u00a0\u00bb0&Prime; header_2_font_size_tablet=\u00a0\u00bb36px\u00a0\u00bb header_2_font_size_phone=\u00a0\u00bb24px\u00a0\u00bb header_2_font_size_last_edited=\u00a0\u00bbon|phone\u00a0\u00bb]<\/p>\n<h2>\u2022 4 nuits Hotel Monsigny 3*\u00a0+ \u00bd journ\u00e9e excursion \u00e0 Monaco \u2022<\/h2>\n<p>Hotel Monsigny 3* + \u00bd journ\u00e9e excursion \u00e0 Monaco<\/p>\n<p>[\/et_pb_text][\/et_pb_column][\/et_pb_row][\/et_pb_section][et_pb_section fb_built=\u00a0\u00bb1&Prime; _builder_version=\u00a0\u00bb4.3.1&Prime; background_color=\u00a0\u00bbrgba(0,80,94,0.05)\u00a0\u00bb custom_padding=\u00a0\u00bb0px||0px|||\u00a0\u00bb][et_pb_row column_structure=\u00a0\u00bb2_5,3_5&Prime; use_custom_gutter=\u00a0\u00bbon\u00a0\u00bb gutter_width=\u00a0\u00bb1&Prime; make_equal=\u00a0\u00bbon\u00a0\u00bb _builder_version=\u00a0\u00bb4.3.1&Prime; max_width=\u00a0\u00bb1200px\u00a0\u00bb custom_padding=\u00a0\u00bb0px||0px|||\u00a0\u00bb][et_pb_column type=\u00a0\u00bb2_5&Prime; module_class=\u00a0\u00bbds-vertical-align\u00a0\u00bb _builder_version=\u00a0\u00bb4.3.1&Prime;][et_pb_text _builder_version=\u00a0\u00bb4.3.1&Prime; text_font=\u00a0\u00bbMontserrat||||||||\u00a0\u00bb text_font_size=\u00a0\u00bb14px\u00a0\u00bb text_line_height=\u00a0\u00bb2em\u00a0\u00bb header_2_font=\u00a0\u00bbOswald||||||||\u00a0\u00bb header_2_text_color=\u00a0\u00bb#ffba00&Prime; header_2_font_size=\u00a0\u00bb60px\u00a0\u00bb header_2_line_height=\u00a0\u00bb1.3em\u00a0\u00bb header_3_font=\u00a0\u00bbMontserrat||||||||\u00a0\u00bb header_3_line_height=\u00a0\u00bb1.5em\u00a0\u00bb header_4_font_size=\u00a0\u00bb60px\u00a0\u00bb header_4_line_height=\u00a0\u00bb1.3em\u00a0\u00bb custom_padding_tablet=\u00a0\u00bb25px||25px||false|false\u00a0\u00bb custom_padding_phone=\u00a0\u00bb\u00a0\u00bb custom_padding_last_edited=\u00a0\u00bbon|tablet\u00a0\u00bb hover_enabled=\u00a0\u00bb0&Prime; header_2_font_size_tablet=\u00a0\u00bb36px\u00a0\u00bb header_2_font_size_phone=\u00a0\u00bb24px\u00a0\u00bb header_2_font_size_last_edited=\u00a0\u00bbon|phone\u00a0\u00bb header_3_font_size_tablet=\u00a0\u00bb24px\u00a0\u00bb header_3_font_size_phone=\u00a0\u00bb18px\u00a0\u00bb header_3_font_size_last_edited=\u00a0\u00bbon|phone\u00a0\u00bb]<\/p>\n<h2>Forfait Nice<\/h2>\n<h3>4 nuits \u00e0 l&rsquo;h\u00f4tel Monsigny<br \/> + \u00bd journ\u00e9e excursion \u00e0 Monaco<\/h3>\n<h4>235 \u20ac<\/h4>\n<p><em>Prix net par personne et par forfait sur base double incluant 4 nuits. <\/em><em>Valable du 19\/06\/2020 au 31\/08\/2020.<\/em><\/p>\n<p>[\/et_pb_text][et_pb_button button_url=\u00a0\u00bbhttps:\/\/cfi.carol-voyages.com\/index.php\/demande-de-devis\/\u00a0\u00bb button_text=\u00a0\u00bbDemande de devis\u00a0\u00bb _builder_version=\u00a0\u00bb4.3.1&Prime; custom_button=\u00a0\u00bbon\u00a0\u00bb button_text_color=\u00a0\u00bb#ffffff\u00a0\u00bb button_bg_color=\u00a0\u00bb#ffba00&Prime; button_border_width=\u00a0\u00bb0px\u00a0\u00bb button_border_radius=\u00a0\u00bb100px\u00a0\u00bb button_font=\u00a0\u00bbOswald|||on|||||\u00a0\u00bb button_icon=\u00a0\u00bb%%28%%\u00a0\u00bb custom_margin=\u00a0\u00bb25px||||false|false\u00a0\u00bb custom_margin_tablet=\u00a0\u00bb0px||25px||false|false\u00a0\u00bb custom_margin_phone=\u00a0\u00bb\u00a0\u00bb custom_margin_last_edited=\u00a0\u00bbon|phone\u00a0\u00bb][\/et_pb_button][\/et_pb_column][et_pb_column type=\u00a0\u00bb3_5&Prime; _builder_version=\u00a0\u00bb4.3.1&Prime;][et_pb_gallery gallery_ids=\u00a0\u00bb1517,1518,1933,2055,2056&Prime; fullwidth=\u00a0\u00bbon\u00a0\u00bb _builder_version=\u00a0\u00bb4.3.1&Prime; auto=\u00a0\u00bbon\u00a0\u00bb auto_speed=\u00a0\u00bb2700&Prime; hover_enabled=\u00a0\u00bb0&Prime;][\/et_pb_gallery][\/et_pb_column][\/et_pb_row][\/et_pb_section][et_pb_section fb_built=\u00a0\u00bb1&Prime; _builder_version=\u00a0\u00bb4.3.1&Prime; background_enable_color=\u00a0\u00bboff\u00a0\u00bb background_enable_image=\u00a0\u00bboff\u00a0\u00bb custom_margin=\u00a0\u00bb||||false|false\u00a0\u00bb custom_padding=\u00a0\u00bb50px||||false|false\u00a0\u00bb][et_pb_row _builder_version=\u00a0\u00bb4.3.1&Prime; background_color=\u00a0\u00bb#ffffff\u00a0\u00bb max_width=\u00a0\u00bb980px\u00a0\u00bb max_width_tablet=\u00a0\u00bb100%\u00a0\u00bb max_width_phone=\u00a0\u00bb\u00a0\u00bb max_width_last_edited=\u00a0\u00bbon|phone\u00a0\u00bb custom_padding=\u00a0\u00bb0px||50px||false|false\u00a0\u00bb][et_pb_column type=\u00a0\u00bb4_4&Prime; _builder_version=\u00a0\u00bb4.3.1&Prime;][et_pb_divider _builder_version=\u00a0\u00bb4.3.1&Prime; width=\u00a0\u00bb80%\u00a0\u00bb module_alignment=\u00a0\u00bbcenter\u00a0\u00bb custom_margin=\u00a0\u00bb||0px||false|false\u00a0\u00bb][\/et_pb_divider][et_pb_text _builder_version=\u00a0\u00bb4.3.1&Prime; text_font=\u00a0\u00bb|||on|||||\u00a0\u00bb header_2_font=\u00a0\u00bbOswald||||||||\u00a0\u00bb header_2_font_size=\u00a0\u00bb50px\u00a0\u00bb background_color=\u00a0\u00bb#ffffff\u00a0\u00bb text_orientation=\u00a0\u00bbcenter\u00a0\u00bb custom_margin=\u00a0\u00bb||||false|false\u00a0\u00bb custom_margin_tablet=\u00a0\u00bb|0px||0px|false|false\u00a0\u00bb custom_margin_phone=\u00a0\u00bb\u00a0\u00bb custom_margin_last_edited=\u00a0\u00bbon|phone\u00a0\u00bb custom_padding=\u00a0\u00bb||||false|false\u00a0\u00bb header_2_font_size_tablet=\u00a0\u00bb36px\u00a0\u00bb header_2_font_size_phone=\u00a0\u00bb24px\u00a0\u00bb header_2_font_size_last_edited=\u00a0\u00bbon|desktop\u00a0\u00bb]<\/p>\n<h2>Descriptif<\/h2>\n<p>[\/et_pb_text][et_pb_divider _builder_version=\u00a0\u00bb4.3.1&Prime; width=\u00a0\u00bb80%\u00a0\u00bb module_alignment=\u00a0\u00bbcenter\u00a0\u00bb custom_margin=\u00a0\u00bb||||false|false\u00a0\u00bb][\/et_pb_divider][et_pb_text _builder_version=\u00a0\u00bb4.3.1&Prime; text_line_height=\u00a0\u00bb1.8em\u00a0\u00bb header_2_font=\u00a0\u00bb||||||||\u00a0\u00bb header_2_text_align=\u00a0\u00bbcenter\u00a0\u00bb header_2_font_size=\u00a0\u00bb50px\u00a0\u00bb header_2_line_height=\u00a0\u00bb2em\u00a0\u00bb header_5_font=\u00a0\u00bb|700||on|||||\u00a0\u00bb header_5_text_color=\u00a0\u00bb#00505e\u00a0\u00bb header_5_font_size=\u00a0\u00bb18px\u00a0\u00bb header_5_line_height=\u00a0\u00bb1.5em\u00a0\u00bb text_orientation=\u00a0\u00bbjustified\u00a0\u00bb custom_margin=\u00a0\u00bb-50px||||false|false\u00a0\u00bb hover_enabled=\u00a0\u00bb0&Prime; header_2_font_size_tablet=\u00a0\u00bb36px\u00a0\u00bb header_2_font_size_phone=\u00a0\u00bb24px\u00a0\u00bb header_2_font_size_last_edited=\u00a0\u00bbon|desktop\u00a0\u00bb]<\/p>\n    \t<div class=\"wpex-timeline-list left-tl  no-more no-end show-simple\" id=\"timeline-9716\" data-animations=\"\">\r\n        \t<div class=\"wpex-loading\">\r\n                <div class=\"wpex-spinner\">\r\n                    <div class=\"rect1\"><\/div>\r\n                    <div class=\"rect2\"><\/div>\r\n                    <div class=\"rect3\"><\/div>\r\n                    <div class=\"rect4\"><\/div>\r\n                    <div class=\"rect5\"><\/div>\r\n                <\/div>\r\n            <\/div>\r\n        \t        \t            <ul class=\"wpex wpex-timeline style-left\">\r\n                \r\n\t\t\t\t<li class=\"filter-9716_2049  post-2049 wp-timeline type-wp-timeline status-publish hentry wpex_category-4-nuits-hotel-monsigny wpex_category-sejours-ete\" data-id=\"filter-9716_2049\" >\r\n\t<div class=\"\">\r\n                <div class=\"wpex-timeline-label\">\r\n            <time class=\"wpex-timeline-time\" datetime=\"18 h 24 min 22 juillet 2020\">\r\n                <span class=\"s-date\">\r\n\t\t<span class=\"tll-date\">\r\n\t\t\tDescriptif\r\n\t\t<\/span><\/span>\r\n                                <span class=\"exclearfix\"><\/span>\r\n            <\/time>\r\n            <div class=\"timeline-details\">\r\n                                <div class=\"tlct-shortdes\">\r\n                            <h2 >\r\n            <a href=\"javascript:;\" title=\"Forfait Nice 4 nuits Hotel Monsigny 3* + demi journ\u00e9e excursion Monaco\">\r\n                Forfait Nice 4 nuits Hotel Monsigny 3* + demi journ\u00e9e excursion Monaco            <\/a>\r\n        <\/h2>\r\n                            <p><ul>\n<li>H\u00f4tel 3 \u00e9toiles r\u00e9nov\u00e9<\/li>\n<li>Accueil sympathique<\/li>\n<li>Situation dans un quartier central et commer\u00e7ant<\/li>\n<li>Rooftop tr\u00e8s agr\u00e9able avec bar et jacuzzi<\/li>\n<li>\u00bd journ\u00e9e d\u2019excursion Monaco\/Monte Carlo \/ Eze village avec prise en charge et d\u00e9pose \u00e0 votre h\u00f4tel<\/li>\n<\/ul>\n<\/p>\r\n                                    <\/div>\r\n            <\/div>\r\n            <div class=\"exclearfix\"><\/div>\r\n                    <\/div>\r\n    <\/div>\r\n    <div class=\"wpex-timeline-icon\">\r\n        <a href=\"javascript:;\" title=\"Forfait Nice 4 nuits Hotel Monsigny 3* + demi journ\u00e9e excursion Monaco\"><i class=\"fa fa-circle\"><\/i><\/a>\r\n    <\/div>\r\n            <\/li>            <\/ul>\r\n                    <\/div>\r\n        <div class=\"exclearfix\"><\/div>\r\n\t\t\n<p>[\/et_pb_text][et_pb_text _builder_version=\u00a0\u00bb4.3.1&Prime; text_line_height=\u00a0\u00bb1.8em\u00a0\u00bb header_2_font=\u00a0\u00bb||||||||\u00a0\u00bb header_2_text_align=\u00a0\u00bbcenter\u00a0\u00bb header_2_font_size=\u00a0\u00bb50px\u00a0\u00bb header_2_line_height=\u00a0\u00bb2em\u00a0\u00bb header_5_font=\u00a0\u00bb|700||on|||||\u00a0\u00bb header_5_text_color=\u00a0\u00bb#00505e\u00a0\u00bb header_5_font_size=\u00a0\u00bb18px\u00a0\u00bb header_5_line_height=\u00a0\u00bb1.5em\u00a0\u00bb text_orientation=\u00a0\u00bbjustified\u00a0\u00bb custom_margin=\u00a0\u00bb||||false|false\u00a0\u00bb header_2_font_size_tablet=\u00a0\u00bb36px\u00a0\u00bb header_2_font_size_phone=\u00a0\u00bb24px\u00a0\u00bb header_2_font_size_last_edited=\u00a0\u00bbon|desktop\u00a0\u00bb]<\/p>\n<p style=\"text-align: center;\"><span style=\"color: #000000;\"><em>RESERVATION UNIQUEMENT A TRAVERS CAROL FRANCE INCOMING sur <a href=\"mailto:reservations.cfi@carol-voyages.com\" style=\"color: #000000;\">reservations.cfi@carol-voyages.com<\/a>\u00a0et annulation possible sans frais jusqu\u2019\u00e0 7 jours avant l\u2019arriv\u00e9e<\/em><\/span><\/p>\n<p>[\/et_pb_text][\/et_pb_column][\/et_pb_row][et_pb_row _builder_version=\u00a0\u00bb4.3.1&Prime; custom_padding=\u00a0\u00bb0px|||||\u00a0\u00bb][et_pb_column type=\u00a0\u00bb4_4&Prime; _builder_version=\u00a0\u00bb4.3.1&Prime;][et_pb_button button_url=\u00a0\u00bbhttps:\/\/cfi.carol-voyages.com\/index.php\/demande-de-devis\/\u00a0\u00bb button_text=\u00a0\u00bbDemande de devis\u00a0\u00bb button_alignment=\u00a0\u00bbcenter\u00a0\u00bb button_alignment_tablet=\u00a0\u00bbcenter\u00a0\u00bb button_alignment_phone=\u00a0\u00bb\u00a0\u00bb button_alignment_last_edited=\u00a0\u00bbon|tablet\u00a0\u00bb _builder_version=\u00a0\u00bb4.3.1&Prime; custom_button=\u00a0\u00bbon\u00a0\u00bb button_text_color=\u00a0\u00bb#ffffff\u00a0\u00bb button_bg_color=\u00a0\u00bb#ffba00&Prime; button_border_width=\u00a0\u00bb0px\u00a0\u00bb button_border_radius=\u00a0\u00bb100px\u00a0\u00bb button_font=\u00a0\u00bbOswald|||on|||||\u00a0\u00bb button_icon=\u00a0\u00bb%%28%%\u00a0\u00bb custom_margin=\u00a0\u00bb||||false|false\u00a0\u00bb][\/et_pb_button][\/et_pb_column][\/et_pb_row][\/et_pb_section]<\/p>\n","protected":false},"excerpt":{"rendered":"<p>[et_pb_section fb_built=\u00a0\u00bb1&Prime; _builder_version=\u00a0\u00bb4.3.1&Prime; custom_padding=\u00a0\u00bb0px||||false|false\u00a0\u00bb][et_pb_row _builder_version=\u00a0\u00bb4.3.1&Prime; width=\u00a0\u00bb90%\u00a0\u00bb max_width=\u00a0\u00bb100%\u00a0\u00bb custom_padding=\u00a0\u00bb||0px|||\u00a0\u00bb][et_pb_column type=\u00a0\u00bb4_4&Prime; _builder_version=\u00a0\u00bb4.3.1&Prime;][et_pb_text disabled_on=\u00a0\u00bbon|on|off\u00a0\u00bb _builder_version=\u00a0\u00bb4.3.1&Prime; text_font=\u00a0\u00bbMontserrat|300|||||||\u00a0\u00bb text_text_color=\u00a0\u00bb#000000&Prime; link_font=\u00a0\u00bbMontserrat||||||||\u00a0\u00bb link_text_color=\u00a0\u00bb#000000&Prime;][\/et_pb_text][\/et_pb_column][\/et_pb_row][et_pb_row _builder_version=\u00a0\u00bb4.3.1&Prime; custom_padding=\u00a0\u00bb||0px|||\u00a0\u00bb][et_pb_column type=\u00a0\u00bb4_4&Prime; _builder_version=\u00a0\u00bb4.3.1&Prime;][et_pb_text _builder_version=\u00a0\u00bb4.3.1&Prime; text_font=\u00a0\u00bbMontserrat||||||||\u00a0\u00bb header_font=\u00a0\u00bbMontserrat||||||||\u00a0\u00bb header_font_size=\u00a0\u00bb50px\u00a0\u00bb header_2_font=\u00a0\u00bbOswald||||||||\u00a0\u00bb header_2_text_align=\u00a0\u00bbcenter\u00a0\u00bb header_2_text_color=\u00a0\u00bb#ffba00&Prime; header_2_font_size=\u00a0\u00bb60px\u00a0\u00bb header_2_line_height=\u00a0\u00bb1.5em\u00a0\u00bb text_orientation=\u00a0\u00bbcenter\u00a0\u00bb hover_enabled=\u00a0\u00bb0&Prime; header_2_font_size_tablet=\u00a0\u00bb36px\u00a0\u00bb header_2_font_size_phone=\u00a0\u00bb24px\u00a0\u00bb header_2_font_size_last_edited=\u00a0\u00bbon|phone\u00a0\u00bb] \u2022 4 nuits Hotel Monsigny 3*\u00a0+ \u00bd journ\u00e9e excursion \u00e0 Monaco \u2022 Hotel Monsigny 3* + \u00bd journ\u00e9e excursion \u00e0 Monaco [&hellip;]<\/p>\n","protected":false},"author":1,"featured_media":0,"parent":0,"menu_order":0,"comment_status":"closed","ping_status":"closed","template":"","meta":{"_et_pb_use_builder":"on","_et_pb_old_content":"","_et_gb_content_width":"","footnotes":""},"class_list":["post-2050","page","type-page","status-publish","hentry"],"yoast_head":"<!-- This site is optimized with the Yoast SEO plugin v26.6 - https:\/\/yoast.com\/wordpress\/plugins\/seo\/ -->\n<title>Forfait Nice 4 nuits Hotel Monsigny 3* + demi journ\u00e9e excursion Monaco - Carol France Incoming<\/title>\n<meta name=\"robots\" content=\"index, follow, max-snippet:-1, max-image-preview:large, max-video-preview:-1\" \/>\n<link rel=\"canonical\" href=\"https:\/\/cfi.carol-voyages.com\/index.php\/fr\/forfait-nice-4-nuits-hotel-monsigny-3-demi-journee-excursion-monaco\/\" \/>\n<meta property=\"og:locale\" content=\"fr_FR\" \/>\n<meta property=\"og:type\" content=\"article\" \/>\n<meta property=\"og:title\" content=\"Forfait Nice 4 nuits Hotel Monsigny 3* + demi journ\u00e9e excursion Monaco - Carol France Incoming\" \/>\n<meta property=\"og:description\" content=\"[et_pb_section fb_built=\u00a0\u00bb1&Prime; _builder_version=\u00a0\u00bb4.3.1&Prime; custom_padding=\u00a0\u00bb0px||||false|false\u00a0\u00bb][et_pb_row _builder_version=\u00a0\u00bb4.3.1&Prime; width=\u00a0\u00bb90%\u00a0\u00bb max_width=\u00a0\u00bb100%\u00a0\u00bb custom_padding=\u00a0\u00bb||0px|||\u00a0\u00bb][et_pb_column type=\u00a0\u00bb4_4&Prime; _builder_version=\u00a0\u00bb4.3.1&Prime;][et_pb_text disabled_on=\u00a0\u00bbon|on|off\u00a0\u00bb _builder_version=\u00a0\u00bb4.3.1&Prime; text_font=\u00a0\u00bbMontserrat|300|||||||\u00a0\u00bb text_text_color=\u00a0\u00bb#000000&Prime; link_font=\u00a0\u00bbMontserrat||||||||\u00a0\u00bb link_text_color=\u00a0\u00bb#000000&Prime;][\/et_pb_text][\/et_pb_column][\/et_pb_row][et_pb_row _builder_version=\u00a0\u00bb4.3.1&Prime; custom_padding=\u00a0\u00bb||0px|||\u00a0\u00bb][et_pb_column type=\u00a0\u00bb4_4&Prime; _builder_version=\u00a0\u00bb4.3.1&Prime;][et_pb_text _builder_version=\u00a0\u00bb4.3.1&Prime; text_font=\u00a0\u00bbMontserrat||||||||\u00a0\u00bb header_font=\u00a0\u00bbMontserrat||||||||\u00a0\u00bb header_font_size=\u00a0\u00bb50px\u00a0\u00bb header_2_font=\u00a0\u00bbOswald||||||||\u00a0\u00bb header_2_text_align=\u00a0\u00bbcenter\u00a0\u00bb header_2_text_color=\u00a0\u00bb#ffba00&Prime; header_2_font_size=\u00a0\u00bb60px\u00a0\u00bb header_2_line_height=\u00a0\u00bb1.5em\u00a0\u00bb text_orientation=\u00a0\u00bbcenter\u00a0\u00bb hover_enabled=\u00a0\u00bb0&Prime; header_2_font_size_tablet=\u00a0\u00bb36px\u00a0\u00bb header_2_font_size_phone=\u00a0\u00bb24px\u00a0\u00bb header_2_font_size_last_edited=\u00a0\u00bbon|phone\u00a0\u00bb] \u2022 4 nuits Hotel Monsigny 3*\u00a0+ \u00bd journ\u00e9e excursion \u00e0 Monaco \u2022 Hotel Monsigny 3* + \u00bd journ\u00e9e excursion \u00e0 Monaco [&hellip;]\" \/>\n<meta property=\"og:url\" content=\"https:\/\/cfi.carol-voyages.com\/index.php\/fr\/forfait-nice-4-nuits-hotel-monsigny-3-demi-journee-excursion-monaco\/\" \/>\n<meta property=\"og:site_name\" content=\"Carol France Incoming\" \/>\n<meta property=\"article:modified_time\" content=\"2020-09-10T09:59:25+00:00\" \/>\n<meta name=\"twitter:card\" content=\"summary_large_image\" \/>\n<meta name=\"twitter:label1\" content=\"Dur\u00e9e de lecture estim\u00e9e\" \/>\n\t<meta name=\"twitter:data1\" content=\"4 minutes\" \/>\n<script type=\"application\/ld+json\" class=\"yoast-schema-graph\">{\"@context\":\"https:\/\/schema.org\",\"@graph\":[{\"@type\":\"WebPage\",\"@id\":\"https:\/\/cfi.carol-voyages.com\/index.php\/fr\/forfait-nice-4-nuits-hotel-monsigny-3-demi-journee-excursion-monaco\/\",\"url\":\"https:\/\/cfi.carol-voyages.com\/index.php\/fr\/forfait-nice-4-nuits-hotel-monsigny-3-demi-journee-excursion-monaco\/\",\"name\":\"Forfait Nice 4 nuits Hotel Monsigny 3* + demi journ\u00e9e excursion Monaco - Carol France Incoming\",\"isPartOf\":{\"@id\":\"https:\/\/cfi.carol-voyages.com\/#website\"},\"datePublished\":\"2020-07-22T16:32:28+00:00\",\"dateModified\":\"2020-09-10T09:59:25+00:00\",\"breadcrumb\":{\"@id\":\"https:\/\/cfi.carol-voyages.com\/index.php\/fr\/forfait-nice-4-nuits-hotel-monsigny-3-demi-journee-excursion-monaco\/#breadcrumb\"},\"inLanguage\":\"fr-FR\",\"potentialAction\":[{\"@type\":\"ReadAction\",\"target\":[\"https:\/\/cfi.carol-voyages.com\/index.php\/fr\/forfait-nice-4-nuits-hotel-monsigny-3-demi-journee-excursion-monaco\/\"]}]},{\"@type\":\"BreadcrumbList\",\"@id\":\"https:\/\/cfi.carol-voyages.com\/index.php\/fr\/forfait-nice-4-nuits-hotel-monsigny-3-demi-journee-excursion-monaco\/#breadcrumb\",\"itemListElement\":[{\"@type\":\"ListItem\",\"position\":1,\"name\":\"Home\",\"item\":\"https:\/\/cfi.carol-voyages.com\/\"},{\"@type\":\"ListItem\",\"position\":2,\"name\":\"Forfait Nice 4 nuits Hotel Monsigny 3* + demi journ\u00e9e excursion Monaco\"}]},{\"@type\":\"WebSite\",\"@id\":\"https:\/\/cfi.carol-voyages.com\/#website\",\"url\":\"https:\/\/cfi.carol-voyages.com\/\",\"name\":\"Carol France Incoming\",\"description\":\"Your DMC in France\",\"publisher\":{\"@id\":\"https:\/\/cfi.carol-voyages.com\/#organization\"},\"potentialAction\":[{\"@type\":\"SearchAction\",\"target\":{\"@type\":\"EntryPoint\",\"urlTemplate\":\"https:\/\/cfi.carol-voyages.com\/?s={search_term_string}\"},\"query-input\":{\"@type\":\"PropertyValueSpecification\",\"valueRequired\":true,\"valueName\":\"search_term_string\"}}],\"inLanguage\":\"fr-FR\"},{\"@type\":\"Organization\",\"@id\":\"https:\/\/cfi.carol-voyages.com\/#organization\",\"name\":\"Carol France Incoming\",\"url\":\"https:\/\/cfi.carol-voyages.com\/\",\"logo\":{\"@type\":\"ImageObject\",\"inLanguage\":\"fr-FR\",\"@id\":\"https:\/\/cfi.carol-voyages.com\/#\/schema\/logo\/image\/\",\"url\":\"https:\/\/cfi.carol-voyages.com\/wp-content\/uploads\/2020\/02\/logo-carol-france-incoming.jpg\",\"contentUrl\":\"https:\/\/cfi.carol-voyages.com\/wp-content\/uploads\/2020\/02\/logo-carol-france-incoming.jpg\",\"width\":321,\"height\":151,\"caption\":\"Carol France Incoming\"},\"image\":{\"@id\":\"https:\/\/cfi.carol-voyages.com\/#\/schema\/logo\/image\/\"}}]}<\/script>\n<!-- \/ Yoast SEO plugin. -->","yoast_head_json":{"title":"Forfait Nice 4 nuits Hotel Monsigny 3* + demi journ\u00e9e excursion Monaco - Carol France Incoming","robots":{"index":"index","follow":"follow","max-snippet":"max-snippet:-1","max-image-preview":"max-image-preview:large","max-video-preview":"max-video-preview:-1"},"canonical":"https:\/\/cfi.carol-voyages.com\/index.php\/fr\/forfait-nice-4-nuits-hotel-monsigny-3-demi-journee-excursion-monaco\/","og_locale":"fr_FR","og_type":"article","og_title":"Forfait Nice 4 nuits Hotel Monsigny 3* + demi journ\u00e9e excursion Monaco - Carol France Incoming","og_description":"[et_pb_section fb_built=\u00a0\u00bb1&Prime; _builder_version=\u00a0\u00bb4.3.1&Prime; custom_padding=\u00a0\u00bb0px||||false|false\u00a0\u00bb][et_pb_row _builder_version=\u00a0\u00bb4.3.1&Prime; width=\u00a0\u00bb90%\u00a0\u00bb max_width=\u00a0\u00bb100%\u00a0\u00bb custom_padding=\u00a0\u00bb||0px|||\u00a0\u00bb][et_pb_column type=\u00a0\u00bb4_4&Prime; _builder_version=\u00a0\u00bb4.3.1&Prime;][et_pb_text disabled_on=\u00a0\u00bbon|on|off\u00a0\u00bb _builder_version=\u00a0\u00bb4.3.1&Prime; text_font=\u00a0\u00bbMontserrat|300|||||||\u00a0\u00bb text_text_color=\u00a0\u00bb#000000&Prime; link_font=\u00a0\u00bbMontserrat||||||||\u00a0\u00bb link_text_color=\u00a0\u00bb#000000&Prime;][\/et_pb_text][\/et_pb_column][\/et_pb_row][et_pb_row _builder_version=\u00a0\u00bb4.3.1&Prime; custom_padding=\u00a0\u00bb||0px|||\u00a0\u00bb][et_pb_column type=\u00a0\u00bb4_4&Prime; _builder_version=\u00a0\u00bb4.3.1&Prime;][et_pb_text _builder_version=\u00a0\u00bb4.3.1&Prime; text_font=\u00a0\u00bbMontserrat||||||||\u00a0\u00bb header_font=\u00a0\u00bbMontserrat||||||||\u00a0\u00bb header_font_size=\u00a0\u00bb50px\u00a0\u00bb header_2_font=\u00a0\u00bbOswald||||||||\u00a0\u00bb header_2_text_align=\u00a0\u00bbcenter\u00a0\u00bb header_2_text_color=\u00a0\u00bb#ffba00&Prime; header_2_font_size=\u00a0\u00bb60px\u00a0\u00bb header_2_line_height=\u00a0\u00bb1.5em\u00a0\u00bb text_orientation=\u00a0\u00bbcenter\u00a0\u00bb hover_enabled=\u00a0\u00bb0&Prime; header_2_font_size_tablet=\u00a0\u00bb36px\u00a0\u00bb header_2_font_size_phone=\u00a0\u00bb24px\u00a0\u00bb header_2_font_size_last_edited=\u00a0\u00bbon|phone\u00a0\u00bb] \u2022 4 nuits Hotel Monsigny 3*\u00a0+ \u00bd journ\u00e9e excursion \u00e0 Monaco \u2022 Hotel Monsigny 3* + \u00bd journ\u00e9e excursion \u00e0 Monaco [&hellip;]","og_url":"https:\/\/cfi.carol-voyages.com\/index.php\/fr\/forfait-nice-4-nuits-hotel-monsigny-3-demi-journee-excursion-monaco\/","og_site_name":"Carol France Incoming","article_modified_time":"2020-09-10T09:59:25+00:00","twitter_card":"summary_large_image","twitter_misc":{"Dur\u00e9e de lecture estim\u00e9e":"4 minutes"},"schema":{"@context":"https:\/\/schema.org","@graph":[{"@type":"WebPage","@id":"https:\/\/cfi.carol-voyages.com\/index.php\/fr\/forfait-nice-4-nuits-hotel-monsigny-3-demi-journee-excursion-monaco\/","url":"https:\/\/cfi.carol-voyages.com\/index.php\/fr\/forfait-nice-4-nuits-hotel-monsigny-3-demi-journee-excursion-monaco\/","name":"Forfait Nice 4 nuits Hotel Monsigny 3* + demi journ\u00e9e excursion Monaco - Carol France Incoming","isPartOf":{"@id":"https:\/\/cfi.carol-voyages.com\/#website"},"datePublished":"2020-07-22T16:32:28+00:00","dateModified":"2020-09-10T09:59:25+00:00","breadcrumb":{"@id":"https:\/\/cfi.carol-voyages.com\/index.php\/fr\/forfait-nice-4-nuits-hotel-monsigny-3-demi-journee-excursion-monaco\/#breadcrumb"},"inLanguage":"fr-FR","potentialAction":[{"@type":"ReadAction","target":["https:\/\/cfi.carol-voyages.com\/index.php\/fr\/forfait-nice-4-nuits-hotel-monsigny-3-demi-journee-excursion-monaco\/"]}]},{"@type":"BreadcrumbList","@id":"https:\/\/cfi.carol-voyages.com\/index.php\/fr\/forfait-nice-4-nuits-hotel-monsigny-3-demi-journee-excursion-monaco\/#breadcrumb","itemListElement":[{"@type":"ListItem","position":1,"name":"Home","item":"https:\/\/cfi.carol-voyages.com\/"},{"@type":"ListItem","position":2,"name":"Forfait Nice 4 nuits Hotel Monsigny 3* + demi journ\u00e9e excursion Monaco"}]},{"@type":"WebSite","@id":"https:\/\/cfi.carol-voyages.com\/#website","url":"https:\/\/cfi.carol-voyages.com\/","name":"Carol France Incoming","description":"Your DMC in France","publisher":{"@id":"https:\/\/cfi.carol-voyages.com\/#organization"},"potentialAction":[{"@type":"SearchAction","target":{"@type":"EntryPoint","urlTemplate":"https:\/\/cfi.carol-voyages.com\/?s={search_term_string}"},"query-input":{"@type":"PropertyValueSpecification","valueRequired":true,"valueName":"search_term_string"}}],"inLanguage":"fr-FR"},{"@type":"Organization","@id":"https:\/\/cfi.carol-voyages.com\/#organization","name":"Carol France Incoming","url":"https:\/\/cfi.carol-voyages.com\/","logo":{"@type":"ImageObject","inLanguage":"fr-FR","@id":"https:\/\/cfi.carol-voyages.com\/#\/schema\/logo\/image\/","url":"https:\/\/cfi.carol-voyages.com\/wp-content\/uploads\/2020\/02\/logo-carol-france-incoming.jpg","contentUrl":"https:\/\/cfi.carol-voyages.com\/wp-content\/uploads\/2020\/02\/logo-carol-france-incoming.jpg","width":321,"height":151,"caption":"Carol France Incoming"},"image":{"@id":"https:\/\/cfi.carol-voyages.com\/#\/schema\/logo\/image\/"}}]}},"_links":{"self":[{"href":"https:\/\/cfi.carol-voyages.com\/index.php\/wp-json\/wp\/v2\/pages\/2050","targetHints":{"allow":["GET"]}}],"collection":[{"href":"https:\/\/cfi.carol-voyages.com\/index.php\/wp-json\/wp\/v2\/pages"}],"about":[{"href":"https:\/\/cfi.carol-voyages.com\/index.php\/wp-json\/wp\/v2\/types\/page"}],"author":[{"embeddable":true,"href":"https:\/\/cfi.carol-voyages.com\/index.php\/wp-json\/wp\/v2\/users\/1"}],"replies":[{"embeddable":true,"href":"https:\/\/cfi.carol-voyages.com\/index.php\/wp-json\/wp\/v2\/comments?post=2050"}],"version-history":[{"count":3,"href":"https:\/\/cfi.carol-voyages.com\/index.php\/wp-json\/wp\/v2\/pages\/2050\/revisions"}],"predecessor-version":[{"id":2057,"href":"https:\/\/cfi.carol-voyages.com\/index.php\/wp-json\/wp\/v2\/pages\/2050\/revisions\/2057"}],"wp:attachment":[{"href":"https:\/\/cfi.carol-voyages.com\/index.php\/wp-json\/wp\/v2\/media?parent=2050"}],"curies":[{"name":"wp","href":"https:\/\/api.w.org\/{rel}","templated":true}]}}